{"id":10316,"date":"2023-10-17T00:54:28","date_gmt":"2023-10-16T22:54:28","guid":{"rendered":"https:\/\/magahealthyraw.com\/?page_id=10316"},"modified":"2023-10-23T19:56:20","modified_gmt":"2023-10-23T17:56:20","slug":"venta-al-por-mayor","status":"publish","type":"page","link":"https:\/\/magahealthyraw.com\/es\/venta-al-por-mayor\/","title":{"rendered":"Venta al por mayor"},"content":{"rendered":"<div class=\"wpb-content-wrapper\"><p>[vc_row][vc_column]<div style=\"background-color:;height: 50px\" class=\"nicdark_section  \"><\/div> <h1 style=\"color:;padding:px;text-align:;font-size:40px;line-height:40px;letter-spacing: 2px;font-weight:normal\" class=\"   nd_options_first_font \">Venta al por Mayor<\/h1> <div style=\"background-color:;height: 40px\" class=\"nicdark_section  \"><\/div> <h2 style=\"color:;padding:px;text-align:;font-size:20px;line-height:20px;letter-spacing: 2px;font-weight:normal\" class=\"   nd_options_first_font \">\u00bfC\u00f3mo pedir nuestros productos?<\/h2> <div style=\"background-color:;height: 20px\" class=\"nicdark_section  \"><\/div> <p style=\"color:;padding:px;text-align:;font-size:17px;line-height:17px;letter-spacing: 2px;font-weight:normal\" class=\"   nd_options_first_font \">Nuestros productos est\u00e1n disponibles para pedidos al por mayor en l\u00ednea a trav\u00e9s de nuestra tienda Faire o puede realizar pedidos a trav\u00e9s de nosotros directamente enviando un correo electr\u00f3nico a info@magahealthyraw.com.<\/p> <div style=\"background-color:;height: 20px\" class=\"nicdark_section  \"><\/div>[\/vc_column][\/vc_row][vc_row][vc_column][vc_single_image image=\u00bb10373&#8243; img_size=\u00bb620 x 400&#8243; alignment=\u00bbcenter\u00bb onclick=\u00bbcustom_link\u00bb link=\u00bbhttp:\/\/magahealthyrawdelicatessen.faire.com\/\u00bb][vc_btn title=\u00bbIr a Faire\u00bb color=\u00bbviolet\u00bb size=\u00bblg\u00bb align=\u00bbcenter\u00bb link=\u00bburl:http%3A%2F%2Fmagahealthyrawdelicatessen.faire.com%2F|target:_blank\u00bb]<div style=\"background-color:;height: 80px\" class=\"nicdark_section  \"><\/div>[\/vc_column][\/vc_row]<\/p>\n<\/div>","protected":false},"excerpt":{"rendered":"<p>[vc_row][vc_column][\/vc_column][\/vc_row][vc_row][vc_column][vc_single_image image=\u00bb10373&#8243; img_size=\u00bb620 x 400&#8243; alignment=\u00bbcenter\u00bb onclick=\u00bbcustom_link\u00bb link=\u00bbhttp:\/\/magahealthyrawdelicatessen.faire.com\/\u00bb][vc_btn title=\u00bbIr a Faire\u00bb color=\u00bbviolet\u00bb size=\u00bblg\u00bb align=\u00bbcenter\u00bb link=\u00bburl:http%3A%2F%2Fmagahealthyrawdelicatessen.faire.com%2F|target:_blank\u00bb][\/vc_column][\/vc_row]<\/p>\n","protected":false},"author":1,"featured_media":0,"parent":0,"menu_order":0,"comment_status":"closed","ping_status":"closed","template":"","meta":{"_joinchat":[],"footnotes":""},"class_list":["post-10316","page","type-page","status-publish","hentry"],"aioseo_notices":[],"_links":{"self":[{"href":"https:\/\/magahealthyraw.com\/es\/wp-json\/wp\/v2\/pages\/10316","targetHints":{"allow":["GET"]}}],"collection":[{"href":"https:\/\/magahealthyraw.com\/es\/wp-json\/wp\/v2\/pages"}],"about":[{"href":"https:\/\/magahealthyraw.com\/es\/wp-json\/wp\/v2\/types\/page"}],"author":[{"embeddable":true,"href":"https:\/\/magahealthyraw.com\/es\/wp-json\/wp\/v2\/users\/1"}],"replies":[{"embeddable":true,"href":"https:\/\/magahealthyraw.com\/es\/wp-json\/wp\/v2\/comments?post=10316"}],"version-history":[{"count":4,"href":"https:\/\/magahealthyraw.com\/es\/wp-json\/wp\/v2\/pages\/10316\/revisions"}],"predecessor-version":[{"id":10376,"href":"https:\/\/magahealthyraw.com\/es\/wp-json\/wp\/v2\/pages\/10316\/revisions\/10376"}],"wp:attachment":[{"href":"https:\/\/magahealthyraw.com\/es\/wp-json\/wp\/v2\/media?parent=10316"}],"curies":[{"name":"wp","href":"https:\/\/api.w.org\/{rel}","templated":true}]}}