{"id":8379,"date":"2017-01-10T17:44:59","date_gmt":"2017-01-10T16:44:59","guid":{"rendered":"https:\/\/magahealthyraw.com\/es\/cookies\/"},"modified":"2020-05-19T14:25:57","modified_gmt":"2020-05-19T12:25:57","slug":"cookies","status":"publish","type":"page","link":"https:\/\/magahealthyraw.com\/es\/cookies\/","title":{"rendered":"Cookies"},"content":{"rendered":"<p>\u00daltima actualizaci\u00f3n: 31 Julio 2018<\/p>\n<h3>Pol\u00edtica de Cookies<\/h3>\n<p style=\"text-align: justify;\">Utilizamos cookies para facilitar el uso de nuestra p\u00e1gina web. Las cookies son peque\u00f1os ficheros de informaci\u00f3n que nos permiten comparar y entender c\u00f3mo nuestros usuarios navegan a trav\u00e9s de nuestra p\u00e1gina web, y de esta manera poder mejorar consecuentemente el proceso de navegaci\u00f3n.<br \/>\nLas cookies que utilizamos no almacenan dato personal alguno, ni ning\u00fan tipo de informaci\u00f3n que pueda identificarle. En caso de no querer recibir cookies, por favor configure su navegador de Internet para que las borre del disco duro de su ordenador, las bloquee o le avise en caso de instalaci\u00f3n de las mismas. Para continuar sin cambios en la configuraci\u00f3n de las cookies, simplemente contin\u00fae en la p\u00e1gina web.<\/p>\n<h3>Los tipos de cookies que utilizamos:<\/h3>\n<p><strong>Cookies estrictamente necesarias:<\/strong><br \/>\nEstas cookies son necesarias para el correcto uso de la p\u00e1gina web, permitiendo el acceso a secciones que cuentan con filtros de seguridad. Sin estas cookies, muchos de los servicios disponibles no estar\u00edan operativos.<\/p>\n<p><strong>Cookies de Navegaci\u00f3n:<\/strong><br \/>\nEstas cookies recogen informaci\u00f3n sobre el uso que las visitas hacen de la web, por ejemplo p\u00e1ginas vistas, errores de carga, etc. Es informaci\u00f3n gen\u00e9rica y an\u00f3nima, donde no se incluyen datos personales, ni se recoge informaci\u00f3n que identifique a los visitantes; siendo el objetivo \u00faltimo mejorar el funcionamiento de la web.<br \/>\nAl visitar nuestra p\u00e1gina web, acepta la instalaci\u00f3n de estas cookies en su dispositivo.<\/p>\n<p><strong>Cookies Funcionales:<\/strong><br \/>\nEstas cookies permiten recordar informaci\u00f3n (como su nombre de usuario, idioma o la regi\u00f3n en la que se encuentra) y caracter\u00edsticas m\u00e1s personales. Por ejemplo, la posibilidad de ofrecer contenido personalizado basado en la informaci\u00f3n y criterios que hayas proporcionado voluntariamente. Estas cookies tambi\u00e9n pueden utilizarse para recordar los cambios realizados en el tama\u00f1o del texto, fuentes y otras partes personalizables de la p\u00e1gina web. Tambi\u00e9n se utilizan para ofrecer algunos servicios solicitados, como ver un video o comentar en un blog. La informaci\u00f3n que recopilan estas cookies puede ser an\u00f3nima y no podr\u00e1 ser seguida su actividad en otras p\u00e1ginas web. Al visitar nuestra p\u00e1gina web, aceptas la instalaci\u00f3n de estas cookies en tu dispositivo.<\/p>\n<p><strong>Cookies Marketing:<\/strong><br \/>\nNuestros socios publicitarios (Google Adwords &amp; Facebook Ads) u otros socios externos pueden usar este tipo de cookies para ofrecer publicidad que sea relevante para sus intereses. Estas cookies pueden recordar que su dispositivo ha visitado un sitio o servicio, y tambi\u00e9n pueden seguir la actividad de navegaci\u00f3n de su dispositivo en otros sitios o servicios que no sean esta p\u00e1gina. Esta informaci\u00f3n se puede compartir con organizaciones ajenas a luigarciavegan.com, como publicistas y \/ o redes publicitarias para entregar la publicidad, y ayudar a medir la efectividad de una campa\u00f1a publicitaria, u otros socios comerciales con el fin de proporcionar estad\u00edsticas agregadas de uso del servicio y servicio agregado.<\/p>\n<p><strong>\u00bfCu\u00e1nto tiempo permanecer\u00e1n las cookies en mi dispositivo?<\/strong><\/p>\n<p>El tiempo que una cookie permanecer\u00e1 en su computadora o dispositivo m\u00f3vil depende de si se trata de una cookie \u00abpersistente\u00bb o de \u00absesi\u00f3n\u00bb. Las cookies de sesi\u00f3n solo permanecer\u00e1n en su dispositivo hasta que deje de navegar. Las cookies persistentes permanecen en su computadora o dispositivo m\u00f3vil hasta que caduquen o se eliminen.<\/p>\n<p><b>Cookies &#8216;first-party and third-party&#8217;<\/b><\/p>\n<p>Las cookies &#8216;first-pary&#8217; son cookies que pertenecen a tudominio.com, las cookies de terceros son cookies que una &#8216;tercera parte&#8217; puede colocar en su dispositivo a trav\u00e9s de nuestra p\u00e1gina web. Las cookies de terceros pueden ser colocadas en su dispositivo por alguien que proporciona un servicio para nuestra web, por ejemplo para ayudarnos a entender c\u00f3mo se est\u00e1 utilizando nuestro servicio. Las cookies de terceros tambi\u00e9n pueden ser colocadas en su dispositivo por nuestros socios comerciales para que puedan usarlas para anunciarle productos y servicios en otro lugar de Internet (Google Adwords, Facebook Ads, etc)<\/p>\n<p><strong>Detalle de las cookies utilizadas<\/strong><\/p>\n<table border=\"0\" cellpadding=\"10\">\n<tbody>\n<tr>\n<td><strong>Cookie<\/strong><\/td>\n<td><strong>Name<\/strong><\/td>\n<td><strong>Purpose<\/strong><\/td>\n<\/tr>\n<tr>\n<td class=\"tint-dark\">WordPress Cookies<\/td>\n<td class=\"tint-light\">comment_author_{HASH}<br \/>\ncomment_author_email_{HASH}<br \/>\ncomment_author_url_{HASH}<\/p>\n<div class=\"page\" title=\"Page 1\">\n<div class=\"section\">\n<div class=\"layoutArea\">\n<div class=\"column\">\n<p>wfvt_#<br \/>\nwordfence_verifiedHuman<br \/>\n<span style=\"font-family: inherit; font-size: inherit;\">(other might apply)<\/span><\/p>\n<\/div>\n<\/div>\n<\/div>\n<\/div>\n<\/td>\n<td>These cookies are used for WordPress and our website to function properly. You can find <a href=\"https:\/\/codex.wordpress.org\/WordPress_Cookies\" target=\"_blank\" rel=\"noopener noreferrer\">more official information here.<\/a><\/td>\n<\/tr>\n<tr>\n<td class=\"tint-dark\">Universal Analytics (Google)<\/td>\n<td class=\"tint-light\">_ga<br \/>\n_gali<br \/>\n_gat_UA-<br \/>\n_gid<\/td>\n<td>These cookies are used to collect information about how visitors use our website and WordPress blog. We use the information to compile reports and to help us improve the website. The cookies collect information in an anonymous form, including the number of visitors to the website and blog, where visitors have come to the website from and the pages they visited.<br \/>\n<a class=\"link-external\" title=\"Opens in new window\" href=\"https:\/\/support.google.com\/analytics\/answer\/6004245\" target=\"_blank\" rel=\"noopener noreferrer\">Read Google&#8217;s overview of privacy and safeguarding data<\/a><\/td>\n<\/tr>\n<tr>\n<td class=\"tint-dark\">Marketing (Google)<\/td>\n<td class=\"tint-light\">ads<br \/>\nga-audiences<br \/>\nads\/user-lists\/#<\/td>\n<td>Used by Google AdWords to re-engage visitors that are likely to convert to customers based on the visitor &#8216;s online behaviour across websites.<\/td>\n<\/tr>\n<tr>\n<td class=\"tint-dark\">Marketing (Facebook)<\/td>\n<td class=\"tint-light\">\n<div class=\"page\" title=\"Page 2\">\n<div class=\"section\">\n<div class=\"layoutArea\">\n<div class=\"column\">\n<div class=\"page\" title=\"Page 2\">\n<div class=\"section\">\n<div class=\"layoutArea\">\n<div class=\"column\">\n<p>fr<br \/>\ntr<br \/>\nfacebook.com<\/p>\n<\/div>\n<\/div>\n<\/div>\n<\/div>\n<\/div>\n<\/div>\n<\/div>\n<\/div>\n<\/td>\n<td>\n<div class=\"page\" title=\"Page 2\">\n<div class=\"section\">\n<div class=\"layoutArea\">\n<div class=\"column\">\n<p>Used by Facebook to deliver a series of advertisement products such as real time bidding from third party advertisers. Read <a href=\"https:\/\/www.facebook.com\/policies\/cookies\/\" target=\"_blank\" rel=\"noopener noreferrer\">Facebook Cookies policy.<\/a><\/p>\n<\/div>\n<\/div>\n<\/div>\n<\/div>\n<\/td>\n<\/tr>\n<tr>\n<td class=\"tint-dark\">Marketing (Twitter)<\/td>\n<td class=\"tint-light\">\n<div class=\"page\" title=\"Page 3\">\n<div class=\"section\">\n<div class=\"layoutArea\">\n<div class=\"column\">\n<p>personalization_id<br \/>\ni\/adsct<\/p>\n<\/div>\n<\/div>\n<\/div>\n<\/div>\n<\/td>\n<td>\n<div class=\"page\" title=\"Page 3\">\n<div class=\"page\" title=\"Page 3\">\n<div class=\"section\">\n<div class=\"layoutArea\">\n<div class=\"column\">\n<p>&nbsp;<\/p>\n<\/div>\n<\/div>\n<\/div>\n<\/div>\n<\/div>\n<div class=\"page\" title=\"Page 3\">\n<div class=\"section\">\n<div class=\"layoutArea\">\n<div class=\"column\">\n<p>Used by Twitter to deliver a series of advertisement products such as real time bidding from third party advertisers.<\/p>\n<\/div>\n<\/div>\n<\/div>\n<\/div>\n<\/td>\n<\/tr>\n<tr>\n<td class=\"tint-dark\">User Area<\/td>\n<td class=\"tint-light\">woocommerce_cart_hashwoocommerce_items_in_cart<br \/>\nwp_woocommerce_session_<br \/>\nwc_cart_hash<br \/>\nwc_fragments<br \/>\n@@History\/@@scroll<\/p>\n<div class=\"page\" title=\"Page 1\">\n<div class=\"section\">\n<div class=\"layoutArea\">\n<div class=\"column\">\n<p>wfvt_#<\/p>\n<\/div>\n<\/div>\n<\/div>\n<\/div>\n<\/td>\n<td>These cookies are essential for readers to login to the private area<br \/>\nThis cookie is deleted when you close your browser.<br \/>\n<a href=\"https:\/\/woocommerce.com\/gdpr\/\" target=\"_blank\" rel=\"noopener noreferrer\">Visit this website for GDPR information<\/a><\/td>\n<\/tr>\n<tr>\n<td class=\"tint-dark\">Cookie Policy Confirmation<\/td>\n<td class=\"tint-light\">\n<div class=\"page\" title=\"Page 2\">\n<div class=\"section\">\n<div class=\"layoutArea\">\n<div class=\"column\">\n<p>viewed_cookie_policy<br \/>\ncookie_notice_accepted<\/p>\n<\/div>\n<\/div>\n<\/div>\n<\/div>\n<\/td>\n<td>This cookie is used to remember a user\u2019s choice about cookies on this website. Where users have previously indicated a preference, that user\u2019s preference will be stored in this cookie.<\/td>\n<\/tr>\n<tr>\n<td class=\"tint-dark\">Ecommerce<\/td>\n<td class=\"tint-light\">woocommerce_cart_hashwoocommerce_items_in_cart<br \/>\nwp_woocommerce_session_<br \/>\nwc_cart_hash<br \/>\nwc_fragments<br \/>\n@@History\/@@scroll<\/td>\n<td>These cookies are essential for our clients to place orders and<br \/>\nThis cookie is deleted when you close your browser.<br \/>\n<a href=\"https:\/\/woocommerce.com\/gdpr\/\" target=\"_blank\" rel=\"noopener noreferrer\">Visit this website for GDPR information<\/a><\/td>\n<\/tr>\n<\/tbody>\n<\/table>\n<p><strong>C\u00f3mo controlar y eliminar las cookies<\/strong><\/p>\n<p>Si desea eliminar las cookies, siga las instrucciones en <a href=\"http:\/\/www.wikihow.com\/Clear-Your-Browser%27s-Cookies\" target=\"_blank\" rel=\"noopener noreferrer\">wikihow<\/a>. Si desea desactivar su navegador de recibir cookies, siga las instrucciones en <a href=\"http:\/\/www.wikihow.com\/Disable-Cookies\" target=\"_blank\" rel=\"noopener noreferrer\">disable cookies<\/a>. Tenga en cuenta que si configura su navegador para desactivar las cookies, es posible que no pueda acceder a ciertas partes de nuestro Servicio y que otras partes de nuestro Servicio no funcionen correctamente. Puede encontrar m\u00e1s configuraciones de cookies de informaci\u00f3n en sitios de informaci\u00f3n de terceros, como www.allaboutcookies.org.<\/p>\n<p>Si quieres permitir el uso de cookies de nuestro site, por favor sigue las siguientes instrucciones.<\/p>\n<p>Google Chrome<br \/>\n1. Al abrir el navegador, pincha \u201cherramientas\u201d en la parte superior y selecciona la pesta\u00f1a de<br \/>\n\u201copciones\u201d.<br \/>\n2. Dentro de opciones, pincha \u201cprivacidad\u201d.<br \/>\n3. Marca \u201cpermitir la administraci\u00f3n de cookies\u201d.<br \/>\nMicrosoft Internet Explorer 6.0, 7.0, 8.0, 9.0<br \/>\n1. Al abrir el navegador, pincha \u201cherramientas\u201d en la parte superior y selecciona la pesta\u00f1a de<br \/>\n\u201copciones\u201d.<br \/>\n2. Revisa la pesta\u00f1a de \u201cPrivacidad\u201d asegur\u00e1ndote est\u00e1 configurada con un nivel de seguridad<br \/>\nmedio o inferior.<br \/>\n3. Si la configuraci\u00f3n de Internet no es media se estar\u00e1n bloqueando las cookies.<br \/>\nMozilla Firefox<br \/>\n1. Al abrir el navegador, pincha \u201cherramientas\u201d en la parte superior y selecciona la pesta\u00f1a de<br \/>\n\u201copciones\u201d.<br \/>\n2. Selecciona el icono de Privacidad<br \/>\n3. Pincha en cookies, y marca: \u201cpermitir la instalaci\u00f3n de cookies\u201d.<br \/>\nSafari<br \/>\n1. Al abrir el navegador, pincha \u201cherramientas\u201d en la parte superior y selecciona la pesta\u00f1a de<br \/>\n\u201copciones\u201d.<br \/>\n2. Pincha en la pesta\u00f1a de \u201cSeguridad\u201d y revisa si la opci\u00f3n \u201cBloquear el acceso de cookies de<br \/>\nterceros\u201d est\u00e1 marcada o no.<br \/>\n3. Pincha en \u201cguardar\u201d.<\/p>\n<p>La instalaci\u00f3n de cookies en Mac<br \/>\nSi tienes un Mac y quieres permitir el acceso de nuestras cookies en tu ordenador, por favor sigue<br \/>\nlas siguientes instrucciones:<\/p>\n<p>Microsoft Internet Explorer 5.0 en OSX<br \/>\n1. Entra en \u201cExplorer\u201d y selecciona \u201cPreferencias\u201d en la barra de navegaci\u00f3n.<br \/>\n2. Haz scroll hacia abajo hasta que veas \u201cCookies\u201d justo debajo de archivos recibidos.<br \/>\n3. Marca \u201cNo volver a preguntar\u201d.<\/p>\n<p>Safari en OSX<br \/>\n1. Entra en Safari y selecciona \u201cPreferencias\u201d en la barra de navegaci\u00f3n.<br \/>\n2.Pincha en la pesta\u00f1a de \u201cSeguridad\u201d y marcae la opci\u00f3n \u201caceptar cookies\u201d<br \/>\n3. Selecciona la opci\u00f3n: \u201cS\u00f3lo desde el site actual en que estoy navegando\u201d<br \/>\nMozilla y Netscape en OSX<br \/>\n1. Entra en \u201cMozilla\u201d o \u201cNetscape\u201d y en la parte superior de tu navegador, marca la opci\u00f3n de<br \/>\n\u201cPreferencias\u201d<br \/>\n2. Haz scroll hacia abajo hasta que veas \u201cCookies\u201d justo debajo de \u201cPrivacidad y Seguridad\u201d.<br \/>\n3. Marca la opci\u00f3n \u201cPermitir el acceso de cookies s\u00f3lo desde el site actual\u201d<\/p>\n<p>Opera<br \/>\n1. Entra en \u201cOpera\u201d y selecciona \u201cMenu\u201d y \u201cAjustes\u201d en la barra de navegaci\u00f3n.<br \/>\n2. Selecciona \u201cPreferencias\u201d y pincha en la pesta\u00f1a de \u201cAvanzado\u201d.<br \/>\n3. Marca la opci\u00f3n \u201cAceptar cookies\u201d<\/p>\n<p>El usuario puede, en cualquier momento, elegir qu\u00e9 cookies quiere que funcionen en este sitio web mediante:<\/p>\n<ul>\n<li>la configuraci\u00f3n del <strong>navegador<\/strong>; por ejemplo:\n<ul>\n<li><strong>Chrome<\/strong>, ver instrucciones\u00a0<a href=\"http:\/\/support.google.com\/chrome\/bin\/answer.py?hl=es&amp;answer=95647\" target=\"_blank\" rel=\"noopener noreferrer\">aqu\u00ed\u00a0<\/a><\/li>\n<li><strong>Explorer<\/strong>, \u00a0ver instrucciones <a href=\"http:\/\/windows.microsoft.com\/es-es\/windows7\/how-to-manage-cookies-in-internet-explorer-9\" target=\"_blank\" rel=\"noopener noreferrer\">aqu\u00ed<\/a><\/li>\n<li><strong>Firefox<\/strong>, ver instrucciones <a href=\"http:\/\/support.mozilla.org\/es\/kb\/habilitar-y-deshabilitar-cookies-que-los-sitios-we\" target=\"_blank\" rel=\"noopener noreferrer\">aqu\u00ed<\/a><\/li>\n<li><strong>Safari<\/strong>, ver instrucciones <a href=\"http:\/\/support.apple.com\/kb\/ph5042\" target=\"_blank\" rel=\"noopener noreferrer\">aqu\u00ed<\/a><\/li>\n<\/ul>\n<\/li>\n<li>Existen herramientas de terceros, disponibles on line, que permiten a los usuarios detectar las cookies en cada sitio web que visita y gestionar su desactivaci\u00f3n.<\/li>\n<li>Tambi\u00e9n puedes visitar\u00a0<a href=\"http:\/\/optout.networkadvertising.org\/\" target=\"_blank\" rel=\"noopener noreferrer\">http:\/\/optout.networkadvertising.org\/<\/a>\u00a0para eliminar cookies de marketing y retargeting.<\/li>\n<\/ul>\n<p>&nbsp;<\/p>\n<p>&nbsp;<\/p>\n<p>&nbsp;<\/p>\n","protected":false},"excerpt":{"rendered":"<p>\u00daltima actualizaci\u00f3n: 31 Julio 2018 Pol\u00edtica de Cookies Utilizamos cookies para facilitar el uso de nuestra p\u00e1gina web. Las cookies son peque\u00f1os ficheros de informaci\u00f3n que nos permiten comparar y entender c\u00f3mo nuestros usuarios navegan a trav\u00e9s de nuestra p\u00e1gina web, y de esta manera poder mejorar consecuentemente el proceso de navegaci\u00f3n. Las cookies que [&hellip;]<\/p>\n","protected":false},"author":1,"featured_media":0,"parent":0,"menu_order":0,"comment_status":"closed","ping_status":"closed","template":"","meta":{"_joinchat":[],"footnotes":""},"class_list":["post-8379","page","type-page","status-publish","hentry"],"aioseo_notices":[],"_links":{"self":[{"href":"https:\/\/magahealthyraw.com\/es\/wp-json\/wp\/v2\/pages\/8379","targetHints":{"allow":["GET"]}}],"collection":[{"href":"https:\/\/magahealthyraw.com\/es\/wp-json\/wp\/v2\/pages"}],"about":[{"href":"https:\/\/magahealthyraw.com\/es\/wp-json\/wp\/v2\/types\/page"}],"author":[{"embeddable":true,"href":"https:\/\/magahealthyraw.com\/es\/wp-json\/wp\/v2\/users\/1"}],"replies":[{"embeddable":true,"href":"https:\/\/magahealthyraw.com\/es\/wp-json\/wp\/v2\/comments?post=8379"}],"version-history":[{"count":1,"href":"https:\/\/magahealthyraw.com\/es\/wp-json\/wp\/v2\/pages\/8379\/revisions"}],"predecessor-version":[{"id":8774,"href":"https:\/\/magahealthyraw.com\/es\/wp-json\/wp\/v2\/pages\/8379\/revisions\/8774"}],"wp:attachment":[{"href":"https:\/\/magahealthyraw.com\/es\/wp-json\/wp\/v2\/media?parent=8379"}],"curies":[{"name":"wp","href":"https:\/\/api.w.org\/{rel}","templated":true}]}}