{"id":8381,"date":"2019-10-10T10:44:43","date_gmt":"2019-10-10T10:44:43","guid":{"rendered":"https:\/\/magahealthyraw.com\/es\/faq\/"},"modified":"2025-12-18T13:06:27","modified_gmt":"2025-12-18T16:06:27","slug":"faq","status":"publish","type":"page","link":"https:\/\/magahealthyraw.com\/es\/faq\/","title":{"rendered":"FAQs"},"content":{"rendered":"<div class=\"wpb-content-wrapper\"><p>[vc_row css=\u00bb.vc_custom_1694125761103{margin-top: 40px !important;margin-bottom: 40px !important;}\u00bb][vc_column width=\u00bb2\/3&#8243;]<div style=\"background-color:;height: 20px\" class=\"nicdark_section  \"><\/div>[vc_row_inner][vc_column_inner][vc_column_text]<\/p>\n<h2>Si tienes preguntas para hacernos, estamos felices de responderlas! Aqu\u00ed algunas de las m\u00e1s frecuentes.<\/h2>\n<p>[\/vc_column_text][\/vc_column_inner][\/vc_row_inner]<div style=\"background-color:;height: 40px\" class=\"nicdark_section  \"><\/div> <h3 style=\"color:;padding:px;text-align:;font-size:20px;line-height:px;letter-spacing: px;font-weight:bold\" class=\"    \">Preguntas Frecuentes - Generales<\/h3> <div style=\"background-color:;height: 25px\" class=\"nicdark_section  \"><\/div>[vc_toggle title=\u00bb\u00bfC\u00f3mo prepara MAGA Healthy Pastry sus exquisitos dulces saludables?\u00bb style=\u00bbsquare\u00bb color=\u00bbviolet\u00bb css=\u00bb.vc_custom_1710534566545{padding-top: 20px !important;}\u00bb el_class=\u00bbnd_options_toogles_faq\u00bb]Los delicias de MAGA, se elaboran con ingredientes 100% naturales y puros. Usamos t\u00e9cnicas de germinaci\u00f3n en los frutos secos y trigo sarraceno que nos ayudan a mejorar su digesti\u00f3n, aumentan sus nutrientes con mayor aporte de vitaminas, minerales, grasas saludables y prote\u00ednas completas. Ademas, incorporamos la deshidrataci\u00f3n, en vez de cocinar a altas temperaturas, deshidratamos a 40-42 grados celsius en deshidratador para preservar los aportes de la germinaci\u00f3n y dar una textura crujiente. Esto hace que sean crudiveganas y saludables.[\/vc_toggle]<div style=\"background-color:;height: 20px\" class=\"nicdark_section  \"><\/div>[vc_toggle title=\u00bb\u00bfEl Dulce de Leche y el Chocolate se cocinan?\u00bb style=\u00bbsquare\u00bb color=\u00bbviolet\u00bb css=\u00bb.vc_custom_1696175698000{padding-top: 17px !important;}\u00bb el_class=\u00bbnd_options_toogles_faq\u00bb]S\u00ed, son los \u00fanicos productos que cocinamos actualmente a fuego medio.[\/vc_toggle]<div style=\"background-color:;height: 20px\" class=\"nicdark_section  \"><\/div>[vc_toggle title=\u00bb\u00bfCu\u00e1l es la pol\u00edtica de cancelaci\u00f3n de MAGA Healthy Pastry?\u00bb style=\u00bbsquare\u00bb color=\u00bbviolet\u00bb css=\u00bb.vc_custom_1710534594706{padding-top: 17px !important;}\u00bb el_class=\u00bbnd_options_toogles_faq\u00bb]Cambiar, posponer o cancelar tu pedido no es un problema. Solo av\u00edsanos con 48 horas de anticipaci\u00f3n para hacer los cambios y te daremos un reembolso completo. NO SE PUEDEN HACER CAMBIOS despu\u00e9s de enviar un pedido.[\/vc_toggle]<div style=\"background-color:;height: 20px\" class=\"nicdark_section  \"><\/div>[vc_toggle title=\u00bb\u00bfMAGA Healthy Pastry ofrece reembolsos o reemplazos?\u00bb style=\u00bbsquare\u00bb color=\u00bbviolet\u00bb css=\u00bb.vc_custom_1710534611210{padding-top: 17px !important;}\u00bb el_class=\u00bbnd_options_toogles_faq\u00bb]Nuestros dulces est\u00e1n elaborados a mano con ingredientes 100% naturales y pueden no tener el mismo nivel de dulzura que los postres comerciales. Si no son exactamente lo que esperabas o de tu agrado, te pedimos disculpas. Desafortunadamente no ofrecemos reembolsos ni reemplazos. Para productos como Dulce de Leche y Chocolate, podemos reemplazar un tama\u00f1o por otro, pero no hacemos reembolsos. Si no est\u00e1s satisfecho con tu pedido, si\u00e9ntete libre de ponerte en contacto con nosotros.[\/vc_toggle]<div style=\"background-color:;height: 20px\" class=\"nicdark_section  \"><\/div>[vc_toggle title=\u00bb\u00bfMAGA Healthy Pastry acepta pedidos corporativos?\u00bb style=\u00bbsquare\u00bb color=\u00bbviolet\u00bb css=\u00bb.vc_custom_1710534626368{padding-top: 17px !important;}\u00bb el_class=\u00bbnd_options_toogles_faq\u00bb]Nuestros exquisitos dulces saludables y crudiveganos de chocolate son una opci\u00f3n incre\u00edble para regalar a tus empleados y clientes y cuidar de ellos. Cons\u00faltanos por precios y entregas especiales.[\/vc_toggle]<div style=\"background-color:;height: 20px\" class=\"nicdark_section  \"><\/div>[vc_toggle title=\u00bb\u00bfMAGA Healthy Pastry acepta pedidos de restaurants, tiendas minoristas, panader\u00edas y otros?\u00bb style=\u00bbsquare\u00bb color=\u00bbviolet\u00bb css=\u00bb.vc_custom_1710534643211{padding-top: -12px !important;}\u00bb el_class=\u00bbnd_options_toogles_faq\u00bb]Estamos en permanente crecimiento y dispuestos a las oportunidades. Comun\u00edcate con nosotros al tel\u00e9fono 786 309 2494 o escr\u00edbenos a info@magahealthyraw.com para ver la posibilidad de trabajar juntos.[\/vc_toggle]<div style=\"background-color:;height: 40px\" class=\"nicdark_section  \"><\/div> <h3 style=\"color:;padding:px;text-align:;font-size:20px;line-height:px;letter-spacing: px;font-weight:bold\" class=\"    \">Preguntas Frecuentes - Envios<\/h3> <div style=\"background-color:;height: 20px\" class=\"nicdark_section  \"><\/div>[vc_toggle title=\u00bb\u00bfQu\u00e9 tiempo antes debo realizar el pedido para que llegue el d\u00eda esperado?\u00bb style=\u00bbsquare\u00bb color=\u00bbviolet\u00bb css=\u00bb.vc_custom_1710534669697{padding-top: 17px !important;}\u00bb el_class=\u00bbnd_options_toogles_faq\u00bb]Tu pedido deber\u00e1s hacerlo con una anticipaci\u00f3n m\u00ednima de 48 horas antes del d\u00eda de su entrega, para asegurarnos que tu incre\u00edble dulce de chocolate ser\u00e1 elaborado y enviado con todo el amor y cuidado de MAGA Healthy Pastry.[\/vc_toggle]<div style=\"background-color:;height: 20px\" class=\"nicdark_section  \"><\/div>[vc_toggle title=\u00bb\u00bfCu\u00e1l es el horario de env\u00edo actual?\u00bb style=\u00bbsquare\u00bb color=\u00bbviolet\u00bb css=\u00bb.vc_custom_1696176219621{padding-top: 17px !important;}\u00bb el_class=\u00bbnd_options_toogles_faq\u00bb]Actualmente enviamos los pedidos de lunes a mi\u00e9rcoles, a trav\u00e9s de UPS Ground, 2nd Day Air, 3 Day Select y Next Day Air. Los pedidos realizados el viernes, para evitar que se estropeen durante el fin de semana, se enviar\u00e1n el lunes siguiente.[\/vc_toggle]<div style=\"background-color:;height: 20px\" class=\"nicdark_section  \"><\/div>[vc_toggle title=\u00bb\u00bfCu\u00e1l es la tarifa de env\u00edo?\u00bb style=\u00bbsquare\u00bb color=\u00bbviolet\u00bb css=\u00bb.vc_custom_1696176342372{padding-top: 17px !important;}\u00bb el_class=\u00bbnd_options_toogles_faq\u00bb]Ofrecemos diferentes tarifas de env\u00edo para pedidos inferiores a $50 y superiores a $50, dependiendo de la zona de env\u00edo. Obt\u00e9n informaci\u00f3n en el momento de pagar.[\/vc_toggle]<div style=\"background-color:;height: 20px\" class=\"nicdark_section  \"><\/div>[vc_toggle title=\u00bb\u00bfC\u00f3mo se embalan los productos para su env\u00edo?\u00bb style=\u00bbsquare\u00bb color=\u00bbviolet\u00bb css=\u00bb.vc_custom_1696176419328{padding-top: 17px !important;}\u00bb el_class=\u00bbnd_options_toogles_faq\u00bb]Para ayudar a preservar la calidad y evitar el abuso de temperatura en climas c\u00e1lidos, embalamos nuestros productos con cajas aislantes y paquetes refrigerados.[\/vc_toggle]<div style=\"background-color:;height: 20px\" class=\"nicdark_section  \"><\/div>[vc_toggle title=\u00bb\u00bfSe hacen env\u00edos en d\u00edas festivos?\u00bb style=\u00bbsquare\u00bb color=\u00bbviolet\u00bb css=\u00bb.vc_custom_1696176480460{padding-top: 17px !important;}\u00bb el_class=\u00bbnd_options_toogles_faq\u00bb]No enviamos y no hay entregas en: Nochevieja, A\u00f1o Nuevo, D\u00eda de los Ca\u00eddos, Cuatro de Julio, D\u00eda del Trabajo, Acci\u00f3n de Gracias, Nochebuena y Navidad.[\/vc_toggle]<div style=\"background-color:;height: 20px\" class=\"nicdark_section  \"><\/div>[vc_toggle title=\u00bb\u00bfEnv\u00edan a otros estados dentro de Estados Unidos?\u00bb style=\u00bbsquare\u00bb color=\u00bbviolet\u00bb css=\u00bb.vc_custom_1696176587290{padding-top: 17px !important;}\u00bb el_class=\u00bbnd_options_toogles_faq\u00bb]Enviamos nuestras delicias artesanales dentro de los 48 estados contiguos de Estados Unidos. A excepci\u00f3n de los postres, en este momento, s\u00f3lo realizamos env\u00edos dentro del estado de Florida con un radio de 30 millas de Hallandale Beach.<br \/>\nEstamos trabajando para poder enviarlos al resto de las ciudades dentro de Florida y el resto de los estados.<br \/>\nSi usted est\u00e1 un poco m\u00e1s lejos de 30 millas de radio, p\u00f3ngase en contacto con nosotros y vamos a encontrar una manera para que usted pueda disfrutar de nuestros deliciosos dulces saludables.[\/vc_toggle]<div style=\"background-color:;height: 20px\" class=\"nicdark_section  \"><\/div>[vc_toggle title=\u00bb\u00bfEnv\u00edan a apartados de correos?\u00bb style=\u00bbsquare\u00bb color=\u00bbviolet\u00bb css=\u00bb.vc_custom_1696176851668{padding-top: 17px !important;}\u00bb el_class=\u00bbnd_options_toogles_faq\u00bb]El shipping no se realiza a casillas de correo, solamente a direcciones f\u00edsicas. Nos aseguramos que su delicioso pedido llegue directo a tus manos.[\/vc_toggle]<div style=\"background-color:;height: 20px\" class=\"nicdark_section  \"><\/div>[vc_toggle title=\u00bb\u00bfAlguna sugerencia al recibir el pedido?\u00bb style=\u00bbsquare\u00bb color=\u00bbviolet\u00bb css=\u00bb.vc_custom_1696177485845{padding-top: 17px !important;}\u00bb el_class=\u00bbnd_options_toogles_faq\u00bb]Aseg\u00farese de que estar\u00e1 en casa el d\u00eda de la entrega para recibir su pedido y refrig\u00e9relo o cong\u00e9lelo a su llegada. No nos hacemos responsables de art\u00edculos perdidos o da\u00f1ados, pero trabajaremos con usted y UPS para resolver cualquier problema. Revise detenidamente la informaci\u00f3n de env\u00edo para evitar retrasos o problemas en la entrega. Cuando su pedido haya sido enviado, recibir\u00e1 una notificaci\u00f3n por correo electr\u00f3nico que incluir\u00e1 un n\u00famero de seguimiento que podr\u00e1 utilizar para comprobar su estado. Por favor, espere hasta 48 horas para que la informaci\u00f3n de seguimiento est\u00e9 disponible.[\/vc_toggle]<div style=\"background-color:;height: 40px\" class=\"nicdark_section  \"><\/div>[\/vc_column][vc_column width=\u00bb1\/3&#8243; css=\u00bb.vc_custom_1486115020030{padding-right: 30px !important;padding-left: 30px !important;}\u00bb][vc_row_inner css=\u00bb.vc_custom_1687462803539{background-image: url(https:\/\/magahealthyraw.com\/wp-content\/uploads\/2023\/06\/IMG_5426-scaled-e1687360609136.jpeg?id=9483) !important;background-position: center !important;background-repeat: no-repeat !important;background-size: cover !important;}\u00bb][vc_column_inner css=\u00bb.vc_custom_1695514275032{padding-top: 30px !important;padding-right: 30px !important;padding-bottom: 15px !important;padding-left: 30px !important;background-image: url(https:\/\/magahealthyraw.com\/wp-content\/uploads\/2020\/03\/C8556AC0-8747-4C62-A83A-ADD19AF220D8-e1689263965109.jpeg?id=9709) !important;background-position: center !important;background-repeat: no-repeat !important;background-size: cover !important;}\u00bb]<div style=\"background-color:;height: 30px\" class=\"nicdark_section  \"><\/div> <h1 style=\"color:#000000;padding:px;text-align:center;font-size:30px;line-height:px;letter-spacing: 1px;font-weight:bold\" class=\"   nd_options_first_font \">Ponte en Contacto<\/h1> <div style=\"background-color:;height: 40px\" class=\"nicdark_section  \"><\/div> <h4 style=\"color:#000000;padding:px;text-align:center;font-size:20px;line-height:px;letter-spacing: 1px;font-weight:bold\" class=\"   nd_options_first_font \">info@magahealthyraw.com<\/h4> <div style=\"background-color:;height: 10px\" class=\"nicdark_section  \"><\/div>\n\t<div class=\"nd_options_section nd_options_text_align_center\">\n\t<a style=\"border: 1px solid #000000;border-radius:1px;letter-spacing:px;line-height:18px;font-size:18px;background-color:;padding:10px;margin:10px;color:#000000\" rel=\"\" href=\"https:\/\/magahealthyraw.com\/contacto\/\" class=\"nicdark_display_inline_block  nd_options_font_weight_bold nd_options_first_font  \">Contact Us<\/a>\n\t<\/div>\n<div style=\"background-color:;height: 15px\" class=\"nicdark_section  \"><\/div> <h3 style=\"color:#000000;padding:px;text-align:center;font-size:25px;line-height:px;letter-spacing: 1px;font-weight:normal\" class=\"   nd_options_second_font \">+1 (786) 309 2494<\/h3> <div style=\"background-color:;height: 15px\" class=\"nicdark_section  \"><\/div>\n\t<div class=\"nd_options_section nd_options_text_align_center\">\n\t<a style=\"border: 1px solid #000000;border-radius:1px;letter-spacing:px;line-height:18px;font-size:18px;background-color:;padding:10px;margin:10px;color:#000000\" rel=\"\" href=\"tel:+1 (678) 971 9588\" class=\"nicdark_display_inline_block  nd_options_font_weight_bold nd_options_first_font  \">Call Us<\/a>\n\t<\/div>\n<div style=\"background-color:;height: 30px\" class=\"nicdark_section  \"><\/div>[\/vc_column_inner][\/vc_row_inner][\/vc_column][\/vc_row][vc_row full_width=\u00bbstretch_row\u00bb content_placement=\u00bbmiddle\u00bb css=\u00bb.vc_custom_1575479954574{padding-top: 15px !important;padding-bottom: 35px !important;background-color: #2d2d2d !important;}\u00bb][vc_column width=\u00bb2\/3&#8243;]<div style=\"background-color:;height: 20px\" class=\"nicdark_section  \"><\/div> <h1 style=\"color:#ffffff;padding:px;text-align:;font-size:34px;line-height:px;letter-spacing: px;font-weight:\" class=\"    \">\u00bfQuieres recibir deliciosas noticias?<\/h1> <div style=\"background-color:;height: 20px\" class=\"nicdark_section  \"><\/div> <h2 style=\"color:#ffffff;padding:px;text-align:;font-size:px;line-height:px;letter-spacing: px;font-weight:\" class=\"    \">Reg\u00edstrate para recibir novedades acerca de nuestros<\/h2>  <h2 style=\"color:#ffffff;padding:px;text-align:;font-size:px;line-height:px;letter-spacing: px;font-weight:\" class=\"    \">dulces, obsequios, lanzamientos y m\u00e1s\u2026<\/h2> [\/vc_column][vc_column width=\u00bb1\/3&#8243;]<div style=\"background-color:;height: 20px\" class=\"nicdark_section  \"><\/div>[vc_column_text]  \n  \n  <div class=\"\n    mailpoet_form_popup_overlay\n      \"><\/div>\n  <div\n    id=\"mailpoet_form_1\"\n    class=\"\n      mailpoet_form\n      mailpoet_form_shortcode\n      mailpoet_form_position_\n      mailpoet_form_animation_\n    \"\n      >\n\n    <style type=\"text\/css\">\n     #mailpoet_form_1 .mailpoet_form {  }\n#mailpoet_form_1 .mailpoet_paragraph { line-height: 20px; }\n#mailpoet_form_1 .mailpoet_segment_label, #mailpoet_form_1 .mailpoet_text_label, #mailpoet_form_1 .mailpoet_textarea_label, #mailpoet_form_1 .mailpoet_select_label, #mailpoet_form_1 .mailpoet_radio_label, #mailpoet_form_1 .mailpoet_checkbox_label, #mailpoet_form_1 .mailpoet_list_label, #mailpoet_form_1 .mailpoet_date_label { display: block; font-weight: normal; }\n#mailpoet_form_1 .mailpoet_text, #mailpoet_form_1 .mailpoet_textarea, #mailpoet_form_1 .mailpoet_select, #mailpoet_form_1 .mailpoet_date_month, #mailpoet_form_1 .mailpoet_date_day, #mailpoet_form_1 .mailpoet_date_year, #mailpoet_form_1 .mailpoet_date { display: block; }\n#mailpoet_form_1 .mailpoet_text, #mailpoet_form_1 .mailpoet_textarea { width: 100%; }\n#mailpoet_form_1 .mailpoet_checkbox {  }\n#mailpoet_form_1 .mailpoet_submit input {  }\n#mailpoet_form_1 .mailpoet_divider {  }\n#mailpoet_form_1 .mailpoet_message {  }\n#mailpoet_form_1 .mailpoet_validate_success { font-weight: 600; color: #468847; }\n#mailpoet_form_1 .mailpoet_validate_error { color: #b94a48; }\n#mailpoet_form_1 .mailpoet_form_loading { width: 30px; text-align: center; line-height: normal; }\n#mailpoet_form_1 .mailpoet_form_loading > span { width: 5px; height: 5px; background-color: #5b5b5b; }#mailpoet_form_1{border-radius: 0px;text-align: left;}#mailpoet_form_1 form.mailpoet_form {padding: 20px;}#mailpoet_form_1{width: 100%;}#mailpoet_form_1 .mailpoet_message {margin: 0; padding: 0 20px;}#mailpoet_form_1 .mailpoet_paragraph.last {margin-bottom: 0} @media (max-width: 500px) {#mailpoet_form_1 {background-image: none;}} @media (min-width: 500px) {#mailpoet_form_1 .last .mailpoet_paragraph:last-child {margin-bottom: 0}}  @media (max-width: 500px) {#mailpoet_form_1 .mailpoet_form_column:last-child .mailpoet_paragraph:last-child {margin-bottom: 0}} \n    <\/style>\n\n    <form\n      target=\"_self\"\n      method=\"post\"\n      action=\"https:\/\/magahealthyraw.com\/wp-admin\/admin-post.php?action=mailpoet_subscription_form\"\n      class=\"mailpoet_form mailpoet_form_form mailpoet_form_shortcode\"\n      novalidate\n      data-delay=\"\"\n      data-exit-intent-enabled=\"\"\n      data-font-family=\"\"\n      data-cookie-expiration-time=\"\"\n    >\n      <input type=\"hidden\" name=\"data[form_id]\" value=\"1\" \/>\n      <input type=\"hidden\" name=\"token\" value=\"fc06139357\" \/>\n      <input type=\"hidden\" name=\"api_version\" value=\"v1\" \/>\n      <input type=\"hidden\" name=\"endpoint\" value=\"subscribers\" \/>\n      <input type=\"hidden\" name=\"mailpoet_method\" value=\"subscribe\" \/>\n\n      <label class=\"mailpoet_hp_email_label\" style=\"display: none !important;\">Por favor, deja este campo vac\u00edo<input type=\"email\" name=\"data[email]\"\/><\/label><div class=\"mailpoet_paragraph \"><label for=\"form_first_name_1\" class=\"mailpoet_text_label\"  data-automation-id=\"form_first_name_label\" >Nombre<\/label><input type=\"text\" autocomplete=\"given-name\" class=\"mailpoet_text\" id=\"form_first_name_1\" name=\"data[form_field_MmY5NzgxM2NlOTZjX2ZpcnN0X25hbWU=]\" title=\"Nombre\" value=\"\" style=\"padding:7px;margin: 0 auto 0 0;\" data-automation-id=\"form_first_name\" data-parsley-errors-container=\".mailpoet_error_1c2ej\" data-parsley-names='[&quot;Por favor, especifica un nombre v\u00e1lido.&quot;,&quot;No est\u00e1n permitidas las direcciones en los nombres. Por favor, a\u00f1ade tu nombre en su lugar.&quot;]'\/><span class=\"mailpoet_error_1c2ej\"><\/span><\/div>\n<div class=\"mailpoet_paragraph \"><label for=\"form_email_1\" class=\"mailpoet_text_label\"  data-automation-id=\"form_email_label\" >Correo electr\u00f3nico <span class=\"mailpoet_required\" aria-hidden=\"true\">*<\/span><\/label><input type=\"email\" autocomplete=\"email\" class=\"mailpoet_text\" id=\"form_email_1\" name=\"data[form_field_YmY3NWEwOGUxYzdkX2VtYWls]\" title=\"Correo electr\u00f3nico\" value=\"\" style=\"padding:7px;margin: 0 auto 0 0;\" data-automation-id=\"form_email\" data-parsley-errors-container=\".mailpoet_error_ii3qi\" data-parsley-required=\"true\" required aria-required=\"true\" data-parsley-minlength=\"6\" data-parsley-maxlength=\"150\" data-parsley-type-message=\"Este valor debe ser un correo electr\u00f3nico v\u00e1lido.\" data-parsley-required-message=\"Este campo es obligatorio.\"\/><span class=\"mailpoet_error_ii3qi\"><\/span><\/div>\n<div class=\"mailpoet_paragraph \"><input type=\"submit\" class=\"mailpoet_submit\" value=\"\u00a1SUSCR\u00cdBETE!\" data-automation-id=\"subscribe-submit-button\" style=\"background-color:#9b51e0;border-style:solid;border-radius:10px !important;border-width:0px;padding:16px;margin: 0 auto 0 0;color:#ffffff;border-color:transparent;\" \/><span class=\"mailpoet_form_loading\"><span class=\"mailpoet_bounce1\"><\/span><span class=\"mailpoet_bounce2\"><\/span><span class=\"mailpoet_bounce3\"><\/span><\/span><\/div>\n\n      <div class=\"mailpoet_message\">\n        <p class=\"mailpoet_validate_success\"\n                style=\"display:none;\"\n                >Revisa tu bandeja de entrada o la carpeta de spam para confirmar tu suscripci\u00f3n.\n        <\/p>\n        <p class=\"mailpoet_validate_error\"\n                style=\"display:none;\"\n                >        <\/p>\n      <\/div>\n    <\/form>\n\n      <\/div>\n\n  [\/vc_column_text][\/vc_column][\/vc_row][vc_row content_placement=\u00bbmiddle\u00bb css=\u00bb.vc_custom_1571218807168{margin-top: 45px !important;}\u00bb][vc_column css=\u00bb.vc_custom_1467360650255{margin-top: 10px !important;margin-bottom: 10px !important;padding-top: 0px !important;padding-right: 40px !important;}\u00bb]<div style=\"background-color:;height: 15px\" class=\"nicdark_section  \"><\/div> <h2 style=\"color:;padding:px;text-align:;font-size:42px;line-height:50px;letter-spacing: px;font-weight:normal\" class=\"  nd_options_text_align_center_responsive_important nd_options_first_font \">\u201cComer es una necesidad,<\/h2>  <h2 style=\"color:;padding:px;text-align:center;font-size:42px;line-height:50px;letter-spacing: px;font-weight:normal\" class=\"  nd_options_text_align_center_responsive_important nd_options_first_font \">pero comer inteligentemente es un arte\u201d<\/h2>  <h3 style=\"color:;padding:px;text-align:right;font-size:24px;line-height:50px;letter-spacing: px;font-weight:lighter\" class=\"  nd_options_text_align_center_responsive_important nd_options_first_font \">Fran\u00e7ois de La Rochefoucauld<\/h3> <div style=\"background-color:;height: 15px\" class=\"nicdark_section  \"><\/div>[\/vc_column][\/vc_row]<\/p>\n<\/div>","protected":false},"excerpt":{"rendered":"<p>[vc_row css=\u00bb.vc_custom_1694125761103{margin-top: 40px !important;margin-bottom: 40px !important;}\u00bb][vc_column width=\u00bb2\/3&#8243;][vc_row_inner][vc_column_inner][vc_column_text] Si tienes preguntas para hacernos, estamos felices de responderlas! Aqu\u00ed algunas de las m\u00e1s frecuentes. [\/vc_column_text][\/vc_column_inner][\/vc_row_inner][vc_toggle title=\u00bb\u00bfC\u00f3mo prepara MAGA Healthy Pastry sus exquisitos dulces saludables?\u00bb style=\u00bbsquare\u00bb color=\u00bbviolet\u00bb css=\u00bb.vc_custom_1710534566545{padding-top: 20px !important;}\u00bb el_class=\u00bbnd_options_toogles_faq\u00bb]Los delicias de MAGA, se elaboran con ingredientes 100% naturales y puros. Usamos t\u00e9cnicas de germinaci\u00f3n en los [&hellip;]<\/p>\n","protected":false},"author":1,"featured_media":0,"parent":0,"menu_order":0,"comment_status":"closed","ping_status":"closed","template":"","meta":{"_joinchat":[],"footnotes":""},"class_list":["post-8381","page","type-page","status-publish","hentry"],"aioseo_notices":[],"_links":{"self":[{"href":"https:\/\/magahealthyraw.com\/es\/wp-json\/wp\/v2\/pages\/8381","targetHints":{"allow":["GET"]}}],"collection":[{"href":"https:\/\/magahealthyraw.com\/es\/wp-json\/wp\/v2\/pages"}],"about":[{"href":"https:\/\/magahealthyraw.com\/es\/wp-json\/wp\/v2\/types\/page"}],"author":[{"embeddable":true,"href":"https:\/\/magahealthyraw.com\/es\/wp-json\/wp\/v2\/users\/1"}],"replies":[{"embeddable":true,"href":"https:\/\/magahealthyraw.com\/es\/wp-json\/wp\/v2\/comments?post=8381"}],"version-history":[{"count":51,"href":"https:\/\/magahealthyraw.com\/es\/wp-json\/wp\/v2\/pages\/8381\/revisions"}],"predecessor-version":[{"id":11696,"href":"https:\/\/magahealthyraw.com\/es\/wp-json\/wp\/v2\/pages\/8381\/revisions\/11696"}],"wp:attachment":[{"href":"https:\/\/magahealthyraw.com\/es\/wp-json\/wp\/v2\/media?parent=8381"}],"curies":[{"name":"wp","href":"https:\/\/api.w.org\/{rel}","templated":true}]}}