{"id":8396,"date":"2018-07-31T16:01:17","date_gmt":"2018-07-31T14:01:17","guid":{"rendered":"https:\/\/magahealthyraw.com\/es\/politica-de-privacidad\/"},"modified":"2020-04-22T12:33:34","modified_gmt":"2020-04-22T10:33:34","slug":"politica-de-privacidad","status":"publish","type":"page","link":"https:\/\/magahealthyraw.com\/es\/politica-de-privacidad\/","title":{"rendered":"Pol\u00edtica de Privacidad"},"content":{"rendered":"<p>\u00daltima actualizaci\u00f3n: 22 Abril 2020<\/p>\n<h3><strong>Qui\u00e9nes somos<\/strong><\/h3>\n<p>La empresa titular de dominio web es MAGA Healthy Raw Delicatessen LLC N\u00ba reg: 84-2275283 (en adelante magahealthyraw.com), con domicilio a estos efectos en: 744 Noah Dr, Suite 113 &#8211; #237, Jasper GA 30143 . Correo electr\u00f3nico de contacto: info@magahealthyraw.com<\/p>\n<h3><strong>Qu\u00e9 datos personales recogemos y por qu\u00e9 los recogemos<\/strong><\/h3>\n<p>&nbsp;<\/p>\n<p><strong>Comentarios<\/strong><br \/>\nCuando los visitantes dejan comentarios en la web, recopilamos los datos que se muestran en el formulario de comentarios, as\u00ed como la direcci\u00f3n IP del visitante y la cadena de agentes de usuario del navegador para ayudar a la detecci\u00f3n de spam.<br \/>\nUna cadena an\u00f3nima creada a partir de tu direcci\u00f3n de correo electr\u00f3nico (tambi\u00e9n llamada hash) puede ser proporcionada al servicio de Gravatar para ver si la est\u00e1s usando. La pol\u00edtica de privacidad del servicio Gravatar est\u00e1 disponible <a href=\"https:\/\/automattic.com\/privacy\/\" target=\"_blank\" rel=\"noopener noreferrer\">aqu\u00ed.<\/a><br \/>\nDespu\u00e9s de la aprobaci\u00f3n de tu comentario, la imagen de tu perfil es visible para el p\u00fablico en el contexto de su comentario.<\/p>\n<p><strong>Formularios de contacto, sondeos, encuestas, preguntas y valoraciones<\/strong><br \/>\nLos visitantes\u00a0tienen la posibilidad de contactarnos a trav\u00e9s de varios formularios que recopilan informaci\u00f3n relacionada con su consulta o valoraci\u00f3n del sitio web. Esta informaci\u00f3n nos permite contestar las consultas personales o bien\u00a0hacer mejoras en nuestro sitio web en base a la informaci\u00f3n compartida (valoraciones de productos, encuestas, etc). Esta informaci\u00f3n se almacena en nuestros servidores europeos y no se comparte con ning\u00fan tercero.<\/p>\n<p><strong>Tienda Online<\/strong><\/p>\n<p>Mientras visitas nuestra tienda realizaremos el seguimiento de:<\/p>\n<ul>\n<li>Los productos que has visto: usaremos esto para, por ejemplo, mostrarte productos que has visto recientemente<\/li>\n<li>Ubicaci\u00f3n, direcci\u00f3n IP y tipo de navegador: usaremos esto para prop\u00f3sitos como estimar impuestos y la moneda que utilizas<\/li>\n<li>Direcci\u00f3n de facturaci\u00f3n \/ env\u00edo: te pediremos que facilites esto para que podamos, por ejemplo, estimar los impuestos del pedido antes de que hagas un pedido, y crear la factura correspondiente.<\/li>\n<li>DNI o documento de identidad: para poder crear la factura normalmente.<\/li>\n<\/ul>\n<p>Cuando nos compras algo te pedimos que facilites informaci\u00f3n que incluye tu nombre, direcci\u00f3n de facturaci\u00f3n, direcci\u00f3n de env\u00edo, direcci\u00f3n de correo electr\u00f3nico, n\u00famero de tel\u00e9fono, dni, detalles de la tarjeta de cr\u00e9dito\/pago e informaci\u00f3n adicional opcional como el nombre de usuario y la contrase\u00f1a. Usaremos esta informaci\u00f3n para prop\u00f3sitos como:<\/p>\n<ul>\n<li>Enviarte informaci\u00f3n sobre tu cuenta y pedido<\/li>\n<li>Responder a tus solicitudes, incluidos reembolsos y reclamaciones<\/li>\n<li>Procesar pagos y evitar el fraude<\/li>\n<li>Configurar tu cuenta para nuestra tienda<\/li>\n<li>Cumplir con cualquier obligaci\u00f3n legal que tengamos, como c\u00e1lculos de impuestos y facturaci\u00f3n<\/li>\n<li>Mejorar las ofertas de nuestra tienda<\/li>\n<li>Enviarte mensajes promocioniales, si eliges recibirlos<\/li>\n<\/ul>\n<p>Si creas una cuenta almacenaremos tu nombre, direcci\u00f3n, correo electr\u00f3nico y n\u00famero de tel\u00e9fono, lo que usaremos para el proceso de pago y futuros pedidos.<\/p>\n<p>Normalmente almacenamos informaci\u00f3n sobre ti durante el tiempo que necesitemos la informaci\u00f3n para los prop\u00f3sitos para los que la recopilamos y usamos, y no estemos legalmente obligados a seguir guard\u00e1ndola. Por ejemplo, almacenaremos informaci\u00f3n de los pedidos durante 5 a\u00f1os para prop\u00f3sitos de impuestos y contabilidad. Esto incluye tu hombre, direcci\u00f3n de correo electr\u00f3nico y direcciones de facturaci\u00f3n y env\u00edo.<\/p>\n<p><strong>Pagos:<\/strong><\/p>\n<ol>\n<li><strong>Paypal<\/strong>:<br \/>\nAceptamos pagos mediante PayPal. Al procesar pagos algunos de tus datos se pasar\u00e1n a PayPal, incluida la informaci\u00f3n requerida para procesar o dar soporte al pago, tales como el total de la compra y la informaci\u00f3n de facturaci\u00f3n. Por favor, revisa la\u00a0<a href=\"https:\/\/www.paypal.com\/us\/webapps\/mpp\/ua\/privacy-full\">pol\u00edtica de privacidad de PayPal<\/a>\u00a0para m\u00e1s detalles.<\/li>\n<li><strong>Stripe (pasarela de pago)<\/strong><br \/>\nUsamos Stripe como la herramienta principal para cobrar pagos con tarjeta de d\u00e9bito \/ cr\u00e9dito. Para obtener m\u00e1s informaci\u00f3n sobre su pol\u00edtica de privacidad\u00a0\u00a0<a href=\"https:\/\/stripe.com\/ie\/privacy\" target=\"_blank\" rel=\"noopener noreferrer\">consulta esta p\u00e1gina.<\/a><br \/>\nNo almacenamos ning\u00fan detalle de tarjeta de cr\u00e9dito en nuestro sitio web \/ servidores.<\/li>\n<\/ol>\n<p><strong>Cookies<\/strong><\/p>\n<p>Si dejas un comentario en nuestro sitio puedes elegir guardar tu nombre, direcci\u00f3n de correo electr\u00f3nico y web en cookies. Esto es para tu comodidad, para que no tengas que volver a rellenar tus datos cuando dejes otro comentario. Estas cookies tendr\u00e1n una duraci\u00f3n de un a\u00f1o.<br \/>\nSi tienes una cuenta y te conectas a este sitio, instalaremos una cookie temporal para determinar si tu navegador acepta cookies. Esta cookie no contiene datos personales y se elimina al cerrar el navegador.<br \/>\nCuando inicias sesi\u00f3n, tambi\u00e9n instalaremos varias cookies para guardar tu informaci\u00f3n de inicio de sesi\u00f3n y tus opciones de visualizaci\u00f3n de pantalla. Las cookies de inicio de sesi\u00f3n duran dos d\u00edas, y las cookies de opciones de pantalla duran un a\u00f1o. Si seleccionas \u00abRecordarme\u00bb, tu inicio de sesi\u00f3n perdurar\u00e1 durante dos semanas. Si sales de tu cuenta, las cookies de inicio de sesi\u00f3n se eliminar\u00e1n.<\/p>\n<p><strong>M\u00e1s informaci\u00f3n de Cookies<\/strong><br \/>\nSi quieres leer informaci\u00f3n detallada, visita nuestra p\u00e1gina de cookies\u00a0<a href=\"https:\/\/magahealthyraw.com\/cookies\/\">aqu\u00ed.<\/a><\/p>\n<p class=\"p1\"><span class=\"s1\"><b>Anal\u00edtica<\/b><\/span><\/p>\n<p>Este sitio utiliza Google Analytics, para m\u00e1s informaci\u00f3n puedes leer\u00a0<a href=\"https:\/\/policies.google.com\/privacy?hl=en\">Google Privacy Policy<\/a>\u00a0y para saber las opciones y alternativas para evitar el uso de cookies puedes leer este art\u00edculo\u00a0<a href=\"https:\/\/support.google.com\/analytics\/answer\/6004245?hl=en\">de soporte de Google.<\/a><\/p>\n<h3><strong>Con qui\u00e9n compartimos tus datos<\/strong><\/h3>\n<p>Por defecto, no compartimos ning\u00fan dato personal con terceros.<br \/>\nSin embargo, trabajamos con proveedores \/ socios de servicios de terceros est\u00e1ndar de la industria para garantizar la mejor experiencia de usuario \/ cliente.<br \/>\nEstos se enumeran a continuaci\u00f3n:<\/p>\n<p><strong>Google Analytics \/ Tag Manager \/ Adwords<\/strong><\/p>\n<p>Utilizamos herramientas standard del mercado como Google Analytics, Google Adwords y Google Tag Manager para recopilar informaci\u00f3n de las visitas a nuestro sitio web y llegar a lectores potencialmente interesados.<\/p>\n<p><strong>Facebook Pixel<br \/>\n<\/strong><br \/>\nUtilizamos la herramienta de Facebook Ads para captar nuevos lectores interesados en nuestro blog.<\/p>\n<p><strong>Twitter Pixel<\/strong><\/p>\n<p>Utilizamos la herramienta de Twitter Ads para captar nuevos lectores interesados en nuestro blog.<\/p>\n<h3 class=\"p1\"><span class=\"s1\"><b>Cu\u00e1nto tiempo conservamos tus datos<\/b><\/span><\/h3>\n<p>Si dejas un comentario, el comentario y sus metadatos se conservan indefinidamente. Esto es para que podamos reconocer y aprobar comentarios sucesivos autom\u00e1ticamente en lugar de mantenerlos en una cola de moderaci\u00f3n.<br \/>\nDe los usuarios que se registran en nuestra web, tambi\u00e9n almacenamos la informaci\u00f3n personal que proporcionan en su perfil de usuario. Todos los usuarios pueden ver, editar o eliminar su informaci\u00f3n personal en cualquier momento (excepto que no pueden cambiar su nombre de usuario). Los administradores de la web tambi\u00e9n pueden ver y editar esa informaci\u00f3n.<br \/>\nRespecto a los formularios de contacto, encuestas y valoraciones, los mantenemos de forma indefinida para realizar un estudio del uso del blog y las preferencias del usuario. Siempre podr\u00e1s solicitar que eliminemos tus datos.<\/p>\n<h3 class=\"p1\">Qu\u00e9 derechos tienes sobre tus datos<\/h3>\n<p>Si tienes una cuenta o has dejado comentarios en esta web, puedes solicitar recibir un archivo de exportaci\u00f3n de los datos personales que tenemos sobre ti, incluyendo cualquier dato que nos hayas proporcionado. Tambi\u00e9n puedes solicitar que eliminemos cualquier dato personal que tengamos sobre ti o bien que lo hagamos an\u00f3nimo. Esto no incluye ning\u00fan dato que estemos obligados a conservar con fines administrativos, legales o de seguridad.<\/p>\n<p><strong>Solicitud de Datos:<\/strong><br \/>\n[wpgdprc_access_request_form]<\/p>\n<h3>D\u00f3nde enviamos tus datos<\/h3>\n<p>En principio los datos se mantienen y almacenan en USA, alojados en servidores de alta calidad y bajo los mejores standard del mercado. Es posible que\u00a0 otras herramientas de terceros con el fin de mejorar la experiencia de usuario y navegavilidad. Este sitio usa Akismet para reducir el spam por tanto es posible los comentarios de los visitantes sean revisados por un servicio de detecci\u00f3n autom\u00e1tica de spam.\u00a0 <a href=\"https:\/\/akismet.com\/privacy\/\" target=\"_blank\" rel=\"noopener noreferrer\">Conoce c\u00f3mo se procesan los datos de tus comentarios<\/a>.<\/p>\n<h3>M\u00e1s informaci\u00f3n<\/h3>\n<p><strong>Boletines y correos electr\u00f3nicos<\/strong><br \/>\nSi te has suscrito a nuestro bolet\u00edn o si eres un miembro de nuestro sitio (puedes conectarte), hay bastantes posibilidades de que recibas correos electr\u00f3nicos de nuestra parte. S\u00f3lo te enviaremos correos de los que te hayas apuntado para recibir, o que ata\u00f1an a los servicios y noticias que ofrecemos. Siempre podr\u00e1s cancelar tu suscripci\u00f3n haciendo click al final de cada correo en &#8216;Darse de Baja&#8217;.<br \/>\nPara enviarte correos, utilizamos el nombre y la direcci\u00f3n de correo electr\u00f3nico que nos diste. Nuestro sitio tambi\u00e9n registra la direcci\u00f3n IP que utilizaste cuando te registraste en el servicio para prevenir el abuso del sistema.<br \/>\nEsta web puede enviar correos a trav\u00e9s del\u00a0<a href=\"https:\/\/www.mailpoet.com\/privacy-notice\/\" target=\"_blank\" rel=\"noopener noreferrer\">servicio de env\u00edos de MailPoet<\/a>. Este servicio nos permite monitorizar las aperturas y clics en nuestros correos. Utilizamos esta informaci\u00f3n para mejorar el contenido de nuestros boletines.<br \/>\nNo monitorizamos ninguna otra informaci\u00f3n que te identifique fuera de este sitio excepto tu direcci\u00f3n de correo electr\u00f3nico.<\/p>\n<p><strong>Qui\u00e9n de nuestro equipo tiene acceso<\/strong><br \/>\nLos miembros de nuestro equipo tienen acceso a la informaci\u00f3n que nos ofreces. Por ejemplo, los administradores y gestores de web pueden acceder:<\/p>\n<p>&#8211; La informaci\u00f3n de usuario<br \/>\n&#8211; Tu nombre<br \/>\n&#8211; La direcci\u00f3n de correo electr\u00f3nico<br \/>\n&#8211; Los datos en los formularios de contacto.<br \/>\n&#8211; Los datos de domicilio y facturaci\u00f3n.<\/p>\n<p>Los miembros de nuestro equipo tienen acceso a esta informaci\u00f3n para facilitar el acceso, soporte y buen funcionamiento de la web. Esta informaci\u00f3n no se comparte con terceros.<\/p>\n<p><strong>C\u00f3mo protegemos tus datos<\/strong><br \/>\nSiempre usamos la \u00faltima tecnolog\u00eda disponible para proteger sus datos y nuestros servidores. Usamos cifrado HTTPS en nuestro sitio web para proporcionar la mejor seguridad disponible. Tambi\u00e9n tenemos un procedimiento de doble autenticaci\u00f3n y otras medidas que garantizan la mejor seguridad posible.<\/p>\n<p><strong>Qu\u00e9 procedimientos utilizamos contra las brechas de datos<\/strong><br \/>\nTrabajamos constantemente para mejorar la seguridad y proteger las brechas de datos. Contamos con herramientas y procedimientos que supervisan e informan sobre cualquier anomal\u00eda y tambi\u00e9n realizan controles peri\u00f3dicos en nuestro sitio web.<\/p>\n<h3>Informaci\u00f3n de contacto<\/h3>\n<h3>Si tienes necesidad de contactarnos respecto a la pol\u00edtica de privacidad, lo puedes hacer en la siguiente direcci\u00f3n: info@magahealthyraw.com<\/h3>\n<p>&nbsp;<\/p>\n","protected":false},"excerpt":{"rendered":"<p>\u00daltima actualizaci\u00f3n: 22 Abril 2020 Qui\u00e9nes somos La empresa titular de dominio web es MAGA Healthy Raw Delicatessen LLC N\u00ba reg: 84-2275283 (en adelante magahealthyraw.com), con domicilio a estos efectos en: 744 Noah Dr, Suite 113 &#8211; #237, Jasper GA 30143 . Correo electr\u00f3nico de contacto: info@magahealthyraw.com Qu\u00e9 datos personales recogemos y por qu\u00e9 los [&hellip;]<\/p>\n","protected":false},"author":1,"featured_media":0,"parent":0,"menu_order":0,"comment_status":"closed","ping_status":"closed","template":"","meta":{"_joinchat":[],"footnotes":""},"class_list":["post-8396","page","type-page","status-publish","hentry"],"aioseo_notices":[],"_links":{"self":[{"href":"https:\/\/magahealthyraw.com\/es\/wp-json\/wp\/v2\/pages\/8396","targetHints":{"allow":["GET"]}}],"collection":[{"href":"https:\/\/magahealthyraw.com\/es\/wp-json\/wp\/v2\/pages"}],"about":[{"href":"https:\/\/magahealthyraw.com\/es\/wp-json\/wp\/v2\/types\/page"}],"author":[{"embeddable":true,"href":"https:\/\/magahealthyraw.com\/es\/wp-json\/wp\/v2\/users\/1"}],"replies":[{"embeddable":true,"href":"https:\/\/magahealthyraw.com\/es\/wp-json\/wp\/v2\/comments?post=8396"}],"version-history":[{"count":0,"href":"https:\/\/magahealthyraw.com\/es\/wp-json\/wp\/v2\/pages\/8396\/revisions"}],"wp:attachment":[{"href":"https:\/\/magahealthyraw.com\/es\/wp-json\/wp\/v2\/media?parent=8396"}],"curies":[{"name":"wp","href":"https:\/\/api.w.org\/{rel}","templated":true}]}}