{"id":9330,"date":"2023-04-27T18:43:19","date_gmt":"2023-04-27T16:43:19","guid":{"rendered":"https:\/\/magahealthyraw.com\/stores\/"},"modified":"2023-09-23T01:56:32","modified_gmt":"2023-09-22T23:56:32","slug":"stores","status":"publish","type":"page","link":"https:\/\/magahealthyraw.com\/es\/stores\/","title":{"rendered":"Stores"},"content":{"rendered":"<div class=\"wpb-content-wrapper\"><p>[vc_row css=\u00bb.vc_custom_1485860712352{margin-top: 40px !important;}\u00bb][vc_column width=\u00bb2\/3&#8243; css=\u00bb.vc_custom_1682615282686{background-color: #ffffff !important;}\u00bb]<div style=\"background-color:#ffffff;height: 30px\" class=\"nicdark_section  \"><\/div>[vc_column_text]MAGA Healthy Raw Delicatessen est\u00e1 disponible en estas tiendas locales.<\/p>\n<p>Si est\u00e1s interesado en convertirte en distribuidor, <a href=\"https:\/\/magahealthyraw.com\/es\/contacto\/\">puedes ponerte en contacto con nosotros aqu\u00ed.<\/a>[\/vc_column_text]<div style=\"background-color:#ffffff;height: 30px\" class=\"nicdark_section  \"><\/div>[\/vc_column][vc_column width=\u00bb1\/3&#8243; css=\u00bb.vc_custom_1485856159511{padding-right: 30px !important;padding-left: 30px !important;}\u00bb]<div style=\"background-color:;height: 10px\" class=\"nicdark_section  \"><\/div>[vc_single_image image=\u00bb8990&#8243; img_size=\u00bbmedium\u00bb alignment=\u00bbcenter\u00bb css_animation=\u00bbappear\u00bb]<div style=\"background-color:;height: 10px\" class=\"nicdark_section  \"><\/div>[\/vc_column][\/vc_row][vc_row][vc_column css=\u00bb.vc_custom_1683628454728{padding-top: 30px !important;padding-bottom: 30px !important;}\u00bb][vc_column_text][ASL_STORELOCATOR][\/vc_column_text][\/vc_column][\/vc_row][vc_row][vc_column width=\u00bb1\/4&#8243; css=\u00bb.vc_custom_1492595600782{border-top-width: 0px !important;border-right-width: 0px !important;border-bottom-width: 0px !important;border-left-width: 0px !important;padding-top: 60px !important;padding-right: 60px !important;padding-bottom: 60px !important;padding-left: 60px !important;}\u00bb]\n    <div style=\"text-align:center\" class=\"nd_options_section\">\n      <img decoding=\"async\" alt=\"\" style=\"width:200px\" class=\" nd_options_margin_0 nd_options_padding_0 \" src=\"https:\/\/magahealthyraw.com\/wp-content\/uploads\/2020\/03\/icon-shop.png\">\n    <\/div>\n   <div style=\"background-color:;height: 10px\" class=\"nicdark_section  \"><\/div> <p style=\"color:;padding:px;text-align:center;font-size:15px;line-height:15px;letter-spacing: 2px;font-weight:normal\" class=\"   nd_options_second_font \">BUY ONLINE<\/p> [\/vc_column][vc_column width=\u00bb1\/4&#8243; css=\u00bb.vc_custom_1492595593581{border-top-width: 0px !important;border-right-width: 0px !important;border-bottom-width: 0px !important;border-left-width: 0px !important;padding-top: 60px !important;padding-right: 60px !important;padding-bottom: 60px !important;padding-left: 60px !important;}\u00bb]\n    <div style=\"text-align:center\" class=\"nd_options_section\">\n      <img decoding=\"async\" alt=\"\" style=\"width:200px\" class=\" nd_options_margin_0 nd_options_padding_0 \" src=\"https:\/\/magahealthyraw.com\/wp-content\/uploads\/2020\/03\/icon-envio.png\">\n    <\/div>\n   <div style=\"background-color:;height: 10px\" class=\"nicdark_section  \"><\/div> <p style=\"color:;padding:px;text-align:center;font-size:15px;line-height:15px;letter-spacing: 2px;font-weight:normal\" class=\"   nd_options_second_font \">WE DELIVER<\/p> [\/vc_column][vc_column width=\u00bb1\/4&#8243; css=\u00bb.vc_custom_1492595611356{border-top-width: 0px !important;border-right-width: 0px !important;border-bottom-width: 0px !important;border-left-width: 0px !important;padding-top: 60px !important;padding-right: 60px !important;padding-bottom: 60px !important;padding-left: 60px !important;}\u00bb]\n    <div style=\"text-align:center\" class=\"nd_options_section\">\n      <img decoding=\"async\" alt=\"\" style=\"width:200px\" class=\" nd_options_margin_0 nd_options_padding_0 \" src=\"https:\/\/magahealthyraw.com\/wp-content\/uploads\/2020\/03\/icon-secure.png\">\n    <\/div>\n   <div style=\"background-color:;height: 10px\" class=\"nicdark_section  \"><\/div> <p style=\"color:;padding:px;text-align:center;font-size:15px;line-height:15px;letter-spacing: 2px;font-weight:normal\" class=\"   nd_options_second_font \">SECURE PAYMENTS<\/p> [\/vc_column][vc_column width=\u00bb1\/4&#8243; css=\u00bb.vc_custom_1492595624416{border-top-width: 0px !important;border-right-width: 0px !important;border-bottom-width: 0px !important;border-left-width: 0px !important;padding-top: 60px !important;padding-right: 60px !important;padding-bottom: 60px !important;padding-left: 60px !important;}\u00bb]\n    <div style=\"text-align:center\" class=\"nd_options_section\">\n      <img decoding=\"async\" alt=\"\" style=\"width:200px\" class=\" nd_options_margin_0 nd_options_padding_0 \" src=\"https:\/\/magahealthyraw.com\/wp-content\/uploads\/2020\/03\/icon-gift.png\">\n    <\/div>\n   <div style=\"background-color:;height: 10px\" class=\"nicdark_section  \"><\/div> <p style=\"color:;padding:px;text-align:center;font-size:15px;line-height:15px;letter-spacing: 2px;font-weight:normal\" class=\"   nd_options_second_font \">MAKE A GIFT<\/p> [\/vc_column][\/vc_row][vc_row][vc_column][vc_column_text][\/vc_column_text][\/vc_column][\/vc_row][vc_row full_width=\u00bbstretch_row\u00bb content_placement=\u00bbmiddle\u00bb css=\u00bb.vc_custom_1575479954574{padding-top: 15px !important;padding-bottom: 35px !important;background-color: #2d2d2d !important;}\u00bb][vc_column width=\u00bb2\/3&#8243;]<div style=\"background-color:;height: 20px\" class=\"nicdark_section  \"><\/div> <h1 style=\"color:#ffffff;padding:px;text-align:;font-size:34px;line-height:px;letter-spacing: px;font-weight:\" class=\"    \">Do you want to receive delicious news?<\/h1> <div style=\"background-color:;height: 20px\" class=\"nicdark_section  \"><\/div> <h2 style=\"color:#ffffff;padding:px;text-align:;font-size:px;line-height:px;letter-spacing: px;font-weight:\" class=\"    \">Sign up to receive news about our<\/h2>  <h2 style=\"color:#ffffff;padding:px;text-align:;font-size:px;line-height:px;letter-spacing: px;font-weight:\" class=\"    \">sweets, gifts, launches and more \u2026<\/h2> [\/vc_column][vc_column width=\u00bb1\/3&#8243;]<div style=\"background-color:;height: 20px\" class=\"nicdark_section  \"><\/div>[vc_column_text]  \n  \n  <div class=\"\n    mailpoet_form_popup_overlay\n      \"><\/div>\n  <div\n    id=\"mailpoet_form_3\"\n    class=\"\n      mailpoet_form\n      mailpoet_form_shortcode\n      mailpoet_form_position_\n      mailpoet_form_animation_\n    \"\n      >\n\n    <style type=\"text\/css\">\n     #mailpoet_form_3 .mailpoet_form {  }\n#mailpoet_form_3 .mailpoet_paragraph { line-height: 20px; }\n#mailpoet_form_3 .mailpoet_segment_label, #mailpoet_form_3 .mailpoet_text_label, #mailpoet_form_3 .mailpoet_textarea_label, #mailpoet_form_3 .mailpoet_select_label, #mailpoet_form_3 .mailpoet_radio_label, #mailpoet_form_3 .mailpoet_checkbox_label, #mailpoet_form_3 .mailpoet_list_label, #mailpoet_form_3 .mailpoet_date_label { display: block; font-weight: normal; }\n#mailpoet_form_3 .mailpoet_text, #mailpoet_form_3 .mailpoet_textarea, #mailpoet_form_3 .mailpoet_select, #mailpoet_form_3 .mailpoet_date_month, #mailpoet_form_3 .mailpoet_date_day, #mailpoet_form_3 .mailpoet_date_year, #mailpoet_form_3 .mailpoet_date { display: block; }\n#mailpoet_form_3 .mailpoet_text, #mailpoet_form_3 .mailpoet_textarea { width: 100%; }\n#mailpoet_form_3 .mailpoet_checkbox {  }\n#mailpoet_form_3 .mailpoet_submit input {  }\n#mailpoet_form_3 .mailpoet_divider {  }\n#mailpoet_form_3 .mailpoet_message {  }\n#mailpoet_form_3 .mailpoet_validate_success { font-weight: 600; color: #468847; }\n#mailpoet_form_3 .mailpoet_validate_error { color: #b94a48; }\n#mailpoet_form_3 .mailpoet_form_loading { width: 30px; text-align: center; line-height: normal; }\n#mailpoet_form_3 .mailpoet_form_loading > span { width: 5px; height: 5px; background-color: #5b5b5b; }\n#mailpoet_form_3 input.mailpoet_submit { background-color: #6f499d !important; margin-top: 15px !important; padding: 15px !important; font-size: large; text-transform: capitalize !important; align-content: center !important; font-size: large; }#mailpoet_form_3{border-radius: 0px;text-align: left;}#mailpoet_form_3 form.mailpoet_form {padding: 20px;}#mailpoet_form_3{width: 100%;}#mailpoet_form_3 .mailpoet_message {margin: 0; padding: 0 20px;}#mailpoet_form_3 .mailpoet_paragraph.last {margin-bottom: 0} @media (max-width: 500px) {#mailpoet_form_3 {background-image: none;}} @media (min-width: 500px) {#mailpoet_form_3 .last .mailpoet_paragraph:last-child {margin-bottom: 0}}  @media (max-width: 500px) {#mailpoet_form_3 .mailpoet_form_column:last-child .mailpoet_paragraph:last-child {margin-bottom: 0}} \n    <\/style>\n\n    <form\n      target=\"_self\"\n      method=\"post\"\n      action=\"https:\/\/magahealthyraw.com\/wp-admin\/admin-post.php?action=mailpoet_subscription_form\"\n      class=\"mailpoet_form mailpoet_form_form mailpoet_form_shortcode\"\n      novalidate\n      data-delay=\"\"\n      data-exit-intent-enabled=\"\"\n      data-font-family=\"\"\n      data-cookie-expiration-time=\"\"\n    >\n      <input type=\"hidden\" name=\"data[form_id]\" value=\"3\" \/>\n      <input type=\"hidden\" name=\"token\" value=\"c763a1c5ba\" \/>\n      <input type=\"hidden\" name=\"api_version\" value=\"v1\" \/>\n      <input type=\"hidden\" name=\"endpoint\" value=\"subscribers\" \/>\n      <input type=\"hidden\" name=\"mailpoet_method\" value=\"subscribe\" \/>\n\n      <label class=\"mailpoet_hp_email_label\" style=\"display: none !important;\">Por favor, deja este campo vac\u00edo<input type=\"email\" name=\"data[email]\"\/><\/label><div class=\"mailpoet_paragraph \"><label for=\"form_first_name_3\" class=\"mailpoet_text_label\"  data-automation-id=\"form_first_name_label\" >Name<\/label><input type=\"text\" autocomplete=\"given-name\" class=\"mailpoet_text\" id=\"form_first_name_3\" name=\"data[form_field_MmY5NzgxM2NlOTZjX2ZpcnN0X25hbWU=]\" title=\"Name\" value=\"\" style=\"padding:7px;margin: 0 auto 0 0;\" data-automation-id=\"form_first_name\" data-parsley-errors-container=\".mailpoet_error_1mhm1\" data-parsley-names='[&quot;Por favor, especifica un nombre v\u00e1lido.&quot;,&quot;No est\u00e1n permitidas las direcciones en los nombres. Por favor, a\u00f1ade tu nombre en su lugar.&quot;]'\/><span class=\"mailpoet_error_1mhm1\"><\/span><\/div>\n<div class=\"mailpoet_paragraph \"><label for=\"form_email_3\" class=\"mailpoet_text_label\"  data-automation-id=\"form_email_label\" >Email <span class=\"mailpoet_required\" aria-hidden=\"true\">*<\/span><\/label><input type=\"email\" autocomplete=\"email\" class=\"mailpoet_text\" id=\"form_email_3\" name=\"data[form_field_YmY3NWEwOGUxYzdkX2VtYWls]\" title=\"Email\" value=\"\" style=\"padding:7px;margin: 0 auto 0 0;\" data-automation-id=\"form_email\" data-parsley-errors-container=\".mailpoet_error_1ruwn\" data-parsley-required=\"true\" required aria-required=\"true\" data-parsley-minlength=\"6\" data-parsley-maxlength=\"150\" data-parsley-type-message=\"Este valor debe ser un correo electr\u00f3nico v\u00e1lido.\" data-parsley-required-message=\"Este campo es obligatorio.\"\/><span class=\"mailpoet_error_1ruwn\"><\/span><\/div>\n<div class=\"mailpoet_paragraph \"><input type=\"submit\" class=\"mailpoet_submit\" value=\"SUBSCRIBE!\" data-automation-id=\"subscribe-submit-button\" style=\"background-color:#9b51e0;border-style:solid;border-radius:10px !important;border-width:0px;padding:0px;margin: 0 auto 0 0;font-size:NaN;line-height:1.5;height:auto;color:#ffffff;border-color:transparent;\" \/><span class=\"mailpoet_form_loading\"><span class=\"mailpoet_bounce1\"><\/span><span class=\"mailpoet_bounce2\"><\/span><span class=\"mailpoet_bounce3\"><\/span><\/span><\/div>\n\n      <div class=\"mailpoet_message\">\n        <p class=\"mailpoet_validate_success\"\n                style=\"display:none;\"\n                >Check your inbox or spam folder to confirm your subscription.\n        <\/p>\n        <p class=\"mailpoet_validate_error\"\n                style=\"display:none;\"\n                >        <\/p>\n      <\/div>\n    <\/form>\n\n      <\/div>\n\n  [\/vc_column_text][\/vc_column][\/vc_row][vc_row][vc_column][vc_column_text][\/vc_column_text][vc_empty_space][\/vc_column][\/vc_row][vc_row content_placement=\u00bbmiddle\u00bb css=\u00bb.vc_custom_1571218807168{margin-top: 45px !important;}\u00bb][vc_column css=\u00bb.vc_custom_1467360650255{margin-top: 10px !important;margin-bottom: 10px !important;padding-top: 0px !important;padding-right: 40px !important;}\u00bb]<div style=\"background-color:;height: 15px\" class=\"nicdark_section  \"><\/div> <h1 style=\"color:;padding:px;text-align:;font-size:50px;line-height:50px;letter-spacing: px;font-weight:normal\" class=\"  nd_options_text_align_center_responsive_important nd_options_first_font \">\u201c To eat is a necessity,<\/h1>  <h1 style=\"color:;padding:px;text-align:;font-size:50px;line-height:50px;letter-spacing: px;font-weight:normal\" class=\"  nd_options_text_align_center_responsive_important nd_options_first_font \">but to eat intelligently is an art.\u201d<\/h1>  <h3 style=\"color:;padding:px;text-align:right;font-size:24px;line-height:50px;letter-spacing: px;font-weight:lighter\" class=\"  nd_options_text_align_center_responsive_important nd_options_first_font \">Fran\u00e7ois de La Rochefoucauld<\/h3> <div style=\"background-color:;height: 15px\" class=\"nicdark_section  \"><\/div>[\/vc_column][\/vc_row]<\/p>\n<\/div>","protected":false},"excerpt":{"rendered":"<p>[vc_row css=\u00bb.vc_custom_1485860712352{margin-top: 40px !important;}\u00bb][vc_column width=\u00bb2\/3&#8243; css=\u00bb.vc_custom_1682615282686{background-color: #ffffff !important;}\u00bb][vc_column_text]MAGA Healthy Raw Delicatessen est\u00e1 disponible en estas tiendas locales. Si est\u00e1s interesado en convertirte en distribuidor, puedes ponerte en contacto con nosotros aqu\u00ed.[\/vc_column_text][\/vc_column][vc_column width=\u00bb1\/3&#8243; css=\u00bb.vc_custom_1485856159511{padding-right: 30px !important;padding-left: 30px !important;}\u00bb][vc_single_image image=\u00bb8990&#8243; img_size=\u00bbmedium\u00bb alignment=\u00bbcenter\u00bb css_animation=\u00bbappear\u00bb][\/vc_column][\/vc_row][vc_row][vc_column css=\u00bb.vc_custom_1683628454728{padding-top: 30px !important;padding-bottom: 30px !important;}\u00bb][vc_column_text][ASL_STORELOCATOR][\/vc_column_text][\/vc_column][\/vc_row][vc_row][vc_column width=\u00bb1\/4&#8243; css=\u00bb.vc_custom_1492595600782{border-top-width: 0px !important;border-right-width: 0px !important;border-bottom-width: 0px !important;border-left-width: 0px [&hellip;]<\/p>\n","protected":false},"author":1,"featured_media":0,"parent":0,"menu_order":0,"comment_status":"closed","ping_status":"closed","template":"","meta":{"_joinchat":[],"footnotes":""},"class_list":["post-9330","page","type-page","status-publish","hentry"],"aioseo_notices":[],"_links":{"self":[{"href":"https:\/\/magahealthyraw.com\/es\/wp-json\/wp\/v2\/pages\/9330","targetHints":{"allow":["GET"]}}],"collection":[{"href":"https:\/\/magahealthyraw.com\/es\/wp-json\/wp\/v2\/pages"}],"about":[{"href":"https:\/\/magahealthyraw.com\/es\/wp-json\/wp\/v2\/types\/page"}],"author":[{"embeddable":true,"href":"https:\/\/magahealthyraw.com\/es\/wp-json\/wp\/v2\/users\/1"}],"replies":[{"embeddable":true,"href":"https:\/\/magahealthyraw.com\/es\/wp-json\/wp\/v2\/comments?post=9330"}],"version-history":[{"count":10,"href":"https:\/\/magahealthyraw.com\/es\/wp-json\/wp\/v2\/pages\/9330\/revisions"}],"predecessor-version":[{"id":10090,"href":"https:\/\/magahealthyraw.com\/es\/wp-json\/wp\/v2\/pages\/9330\/revisions\/10090"}],"wp:attachment":[{"href":"https:\/\/magahealthyraw.com\/es\/wp-json\/wp\/v2\/media?parent=9330"}],"curies":[{"name":"wp","href":"https:\/\/api.w.org\/{rel}","templated":true}]}}