{"id":11227,"date":"2024-06-18T16:07:50","date_gmt":"2024-06-18T19:07:50","guid":{"rendered":"https:\/\/magahealthyraw.com\/product\/choco-magic\/"},"modified":"2025-04-04T14:03:43","modified_gmt":"2025-04-04T17:03:43","slug":"choco-magic","status":"publish","type":"product","link":"https:\/\/magahealthyraw.com\/es\/product\/choco-magic\/","title":{"rendered":"Choco Magic"},"content":{"rendered":"<div class=\"wpb-content-wrapper\"><p>[vc_row full_width=\u00bbstretch_row\u00bb css=\u00bb.vc_custom_1575479996460{padding-top: 80px !important;padding-bottom: 80px !important;}\u00bb][vc_column el_id=\u00bbsection_slides\u00bb][vc_row_inner equal_height=\u00bbyes\u00bb content_placement=\u00bbmiddle\u00bb css=\u00bb.vc_custom_1570521912272{padding-right: 15px !important;padding-left: 15px !important;}\u00bb el_class=\u00bbsquare_images\u00bb][vc_column_inner width=\u00bb1\/2&#8243; css=\u00bb.vc_custom_1501162935387{padding-top: 30px !important;padding-right: 20px !important;padding-bottom: 30px !important;padding-left: 20px !important;background-color: #ffffff !important;}\u00bb] <h6 style=\"color:#7e7e7e;padding:px;text-align:center;font-size:14px;line-height:14px;letter-spacing: 2px;font-weight:normal\" class=\"   nd_options_second_font \">SIN GLUTEN<\/h6> <div style=\"background-color:;height: 20px\" class=\"nicdark_section  \"><\/div> <h1 style=\"color:;padding:px;text-align:center;font-size:35px;line-height:px;letter-spacing: px;font-weight:normal\" class=\"   nd_options_first_font \">CHOCO MAGIC<\/h1>  <p style=\"color:#878787;padding:30px;text-align:;font-size:17px;line-height:27px;letter-spacing: 1px;font-weight:normal\" class=\"  nd_options_padding_20_responsive_important nd_options_first_font \">Chocorange es el sabor del verdadero chocolate, con un toque c\u00edtrico, dado por la naranja y, al mismo tiempo, intenso y exquisito. \u00a1Es una combinaci\u00f3n incre\u00edble! Su cremosidad y suavidad hacen que este bocado sea irresistible.<\/p>  <p style=\"color:#878787;padding:30px;text-align:;font-size:17px;line-height:27px;letter-spacing: 1px;font-weight:normal\" class=\"  nd_options_padding_20_responsive_important nd_options_first_font \">Caramel &amp; Peanut est\u00e1n elaborados con caramelo de d\u00e1tiles y miso, y un toque crujiente de nueces pecanas. La combinaci\u00f3n de este delicado fruto seco con caramelo salado sobre una suave capa de turr\u00f3n de mantequilla de cacahuete y chocolate vegano es una deliciosa explosi\u00f3n de sensaciones gustativas. <\/p> [\/vc_column_inner][vc_column_inner width=\u00bb1\/2&#8243; css=\u00bb.vc_custom_1501067436841{padding-right: 0px !important;padding-left: 0px !important;}\u00bb]\n\n  <!--START team-->\n  <div class=\" nd_options_team_component_l5 nd_options_section nd_options_box_sizing_border_box team_compo \">    \n    <div class=\"nd_options_section nd_options_position_relative\">\n\n      <img decoding=\"async\" alt=\"\" class=\"nd_options_section\" src=\"https:\/\/magahealthyraw.com\/wp-content\/uploads\/2020\/03\/IMG_5459-1024x1024.jpeg\">\n\n      <div class=\"nd_options_bg_greydark_alpha_gradient_3 nd_options_position_absolute nd_options_left_0 nd_options_height_100_percentage nd_options_width_100_percentage nd_options_box_sizing_border_box\">\n        <div class=\"nd_options_position_absolute nd_options_bottom_30 nd_options_width_100_percentage nd_options_padding_botttom_0 nd_options_padding_50 nd_options_box_sizing_border_box nd_options_text_align_center\">\n          <h3 class=\"nd_options_color_white\">RAW VEGAN<\/h3>\n          <div class=\"nd_options_section nd_options_height_10\"><\/div>\n          <h6 class=\"nd_options_color_white\"><strong>BITES<\/strong><\/h6>\n        <\/div>\n      <\/div>\n\n    <\/div>\n  <\/div>\n  <!--END team-->\n[\/vc_column_inner][\/vc_row_inner][vc_row_inner equal_height=\u00bbyes\u00bb content_placement=\u00bbmiddle\u00bb css=\u00bb.vc_custom_1570521967038{padding-right: 15px !important;padding-left: 15px !important;}\u00bb el_class=\u00bbsquare_images\u00bb][vc_column_inner width=\u00bb1\/2&#8243; css=\u00bb.vc_custom_1501076362840{padding-right: 0px !important;padding-left: 0px !important;}\u00bb]\n\n  <!--START team-->\n  <div class=\" nd_options_team_component_l5 nd_options_section nd_options_box_sizing_border_box team_compo \">    \n    <div class=\"nd_options_section nd_options_position_relative\">\n\n      <img decoding=\"async\" alt=\"\" class=\"nd_options_section\" src=\"https:\/\/magahealthyraw.com\/wp-content\/uploads\/2023\/04\/CARAMEL-PEANUT-3-1024x1024.jpg\">\n\n      <div class=\"nd_options_bg_greydark_alpha_gradient_3 nd_options_position_absolute nd_options_left_0 nd_options_height_100_percentage nd_options_width_100_percentage nd_options_box_sizing_border_box\">\n        <div class=\"nd_options_position_absolute nd_options_bottom_30 nd_options_width_100_percentage nd_options_padding_botttom_0 nd_options_padding_50 nd_options_box_sizing_border_box nd_options_text_align_center\">\n          <h3 class=\"nd_options_color_white\">SIN AZ\u00daCAR REFINADO A\u00d1ADIDO<\/h3>\n          <div class=\"nd_options_section nd_options_height_10\"><\/div>\n          <h6 class=\"nd_options_color_white\"><strong>LIBRE DE L\u00c1CTEOS<\/strong><\/h6>\n        <\/div>\n      <\/div>\n\n    <\/div>\n  <\/div>\n  <!--END team-->\n[\/vc_column_inner][vc_column_inner width=\u00bb1\/2&#8243; css=\u00bb.vc_custom_1501162942419{padding-top: 30px !important;padding-right: 20px !important;padding-bottom: 30px !important;padding-left: 20px !important;background-color: #ffffff !important;}\u00bb] <h6 style=\"color:#7e7e7e;padding:px;text-align:center;font-size:14px;line-height:14px;letter-spacing: 2px;font-weight:normal\" class=\"   nd_options_second_font \">INGREDIENTES<\/h6> <div style=\"background-color:;height: 20px\" class=\"nicdark_section  \"><\/div> <h1 style=\"color:;padding:50pxpx;text-align:center;font-size:35px;line-height:px;letter-spacing: px;font-weight:normal\" class=\"   nd_options_first_font \">ORG\u00c1NICOS<\/h1>  <p style=\"color:#878787;padding:30px;text-align:;font-size:17px;line-height:27px;letter-spacing: 1px;font-weight:normal\" class=\"  nd_options_padding_20_responsive_important nd_options_first_font \">Leche de coco, crema de coco, az\u00facar de coco, harina de avena, sirope de arce, aceite de coco virgen extra sin refinar, tahini, pasta de cacao crudo, mantequilla de cacao crudo, avellanas germinadas y deshidratadas, anacardos crudos germinados, nueces, mantequilla de cacahuete, nibs de cacao, cacao en polvo, miso dulce (arroz, agua, soja, sal y cultivo de goji), miso-tamari (agua, soja, koji de arroz hecho a mano, arroz integral pulido, esporas de aspergillum oryzae y sal marina), d\u00e1tiles Medjools, algarroba en polvo, l\u00facuma en polvo, cardamomo en polvo, extracto de vainilla sin alcohol, sal del Himalaya, aceite esencial de naranja de calidad alimentaria, aceite esencial de menta de calidad alimentaria y escamas de sal Maldon.<\/p>  <h1 style=\"color:#0f0f0f;padding:50pxpx;text-align:center;font-size:35px;line-height:px;letter-spacing: px;font-weight:normal\" class=\"   nd_options_first_font \">ES COMIDA, NO GOLOSINAS<\/h1> [\/vc_column_inner][\/vc_row_inner][vc_row_inner equal_height=\u00bbyes\u00bb content_placement=\u00bbmiddle\u00bb css=\u00bb.vc_custom_1570521912272{padding-right: 15px !important;padding-left: 15px !important;}\u00bb el_class=\u00bbsquare_images\u00bb][vc_column_inner width=\u00bb1\/2&#8243; css=\u00bb.vc_custom_1501162935387{padding-top: 30px !important;padding-right: 20px !important;padding-bottom: 30px !important;padding-left: 20px !important;background-color: #ffffff !important;}\u00bb] <h6 style=\"color:#7e7e7e;padding:px;text-align:center;font-size:14px;line-height:14px;letter-spacing: 2px;font-weight:normal\" class=\"   nd_options_second_font \">OPCI\u00d3N SALUDABLE<\/h6> <div style=\"background-color:;height: 20px\" class=\"nicdark_section  \"><\/div> <h1 style=\"color:;padding:50pxpx;text-align:center;font-size:35px;line-height:px;letter-spacing: px;font-weight:normal\" class=\"   nd_options_first_font \">INCRE\u00cdBLE &amp; DELICIOSO<\/h1>  <p style=\"color:#878787;padding:20px;text-align:;font-size:17px;line-height:27px;letter-spacing: 1px;font-weight:normal\" class=\"  nd_options_padding_20_responsive_important nd_options_first_font \">Te ofrecemos 15 unidades de estos deliciosos bocados, en los que encontrar\u00e1s los 4 sabores, caramelo y man\u00ed, chocolate y naranja, dulce de leche y pralin\u00e9 de avellanas, chocolate blanco y menta. Cont\u00e1ctanos y te ayudaremos. \u00a1Una vez que los pruebes no podr\u00e1s parar!<\/p>  <p style=\"color:#878787;padding:20px;text-align:;font-size:17px;line-height:27px;letter-spacing: 1px;font-weight:normal\" class=\"  nd_options_padding_20_responsive_important nd_options_first_font \">CONSERVACI\u00d3N: Mant\u00e9ngalo fresco en el refrigerador durante 2 a 3 meses o en el congelador hasta por muchos meses. Tenga en cuenta que si se almacena en el congelador, el chocolate crear\u00e1 condensaci\u00f3n al descongelarse.<\/p>  <p style=\"color:#878787;padding:20px;text-align:;font-size:17px;line-height:27px;letter-spacing: 1px;font-weight:normal\" class=\"  nd_options_padding_20_responsive_important nd_options_first_font \">Si tiene preguntas sobre nuestros productos, no dude en contactarnos. \u00a1Estamos aqu\u00ed para ayudar!<\/p> [\/vc_column_inner][vc_column_inner width=\u00bb1\/2&#8243; css=\u00bb.vc_custom_1501067436841{padding-right: 0px !important;padding-left: 0px !important;}\u00bb]\n\n  <!--START team-->\n  <div class=\" nd_options_team_component_l5 nd_options_section nd_options_box_sizing_border_box team_compo \">    \n    <div class=\"nd_options_section nd_options_position_relative\">\n\n      <img decoding=\"async\" alt=\"\" class=\"nd_options_section\" src=\"https:\/\/magahealthyraw.com\/wp-content\/uploads\/2023\/06\/IMG_5528-1024x1009.jpeg\">\n\n      <div class=\"nd_options_bg_greydark_alpha_gradient_3 nd_options_position_absolute nd_options_left_0 nd_options_height_100_percentage nd_options_width_100_percentage nd_options_box_sizing_border_box\">\n        <div class=\"nd_options_position_absolute nd_options_bottom_30 nd_options_width_100_percentage nd_options_padding_botttom_0 nd_options_padding_50 nd_options_box_sizing_border_box nd_options_text_align_center\">\n          <h3 class=\"nd_options_color_white\">TURR\u00d3N SALUDABLE<\/h3>\n          <div class=\"nd_options_section nd_options_height_10\"><\/div>\n          <h6 class=\"nd_options_color_white\"><strong>INGREDIENTES 100% NATURALES Y ORG\u00c1NICOS<\/strong><\/h6>\n        <\/div>\n      <\/div>\n\n    <\/div>\n  <\/div>\n  <!--END team-->\n[\/vc_column_inner][\/vc_row_inner][\/vc_column][\/vc_row][vc_row full_width=\u00bbstretch_row\u00bb css=\u00bb.vc_custom_1583180701901{background-color: rgba(111,73,157,0.51) !important;*background-color: rgb(111,73,157) !important;}\u00bb][vc_column width=\u00bb1\/4&#8243; css=\u00bb.vc_custom_1492595600782{border-top-width: 0px !important;border-right-width: 0px !important;border-bottom-width: 0px !important;border-left-width: 0px !important;padding-top: 60px !important;padding-right: 60px !important;padding-bottom: 60px !important;padding-left: 60px !important;}\u00bb]\n    <div style=\"text-align:center\" class=\"nd_options_section\">\n      <img decoding=\"async\" alt=\"\" style=\"width:100px\" class=\" nd_options_margin_0 nd_options_padding_0 \" src=\"https:\/\/magahealthyraw.com\/wp-content\/uploads\/2020\/03\/8-588x1024.png\">\n    <\/div>\n   <div style=\"background-color:;height: 10px\" class=\"nicdark_section  \"><\/div>[\/vc_column][vc_column width=\u00bb1\/4&#8243; css=\u00bb.vc_custom_1492595593581{border-top-width: 0px !important;border-right-width: 0px !important;border-bottom-width: 0px !important;border-left-width: 0px !important;padding-top: 60px !important;padding-right: 60px !important;padding-bottom: 60px !important;padding-left: 60px !important;}\u00bb]\n    <div style=\"text-align:center\" class=\"nd_options_section\">\n      <img decoding=\"async\" alt=\"\" style=\"width:100px\" class=\" nd_options_margin_0 nd_options_padding_0 \" src=\"https:\/\/magahealthyraw.com\/wp-content\/uploads\/2020\/03\/10-588x1024.png\">\n    <\/div>\n   <div style=\"background-color:;height: 10px\" class=\"nicdark_section  \"><\/div>[\/vc_column][vc_column width=\u00bb1\/4&#8243; css=\u00bb.vc_custom_1492595611356{border-top-width: 0px !important;border-right-width: 0px !important;border-bottom-width: 0px !important;border-left-width: 0px !important;padding-top: 60px !important;padding-right: 60px !important;padding-bottom: 60px !important;padding-left: 60px !important;}\u00bb]\n    <div style=\"text-align:center\" class=\"nd_options_section\">\n      <img decoding=\"async\" alt=\"\" style=\"width:100px\" class=\" nd_options_margin_0 nd_options_padding_0 \" src=\"https:\/\/magahealthyraw.com\/wp-content\/uploads\/2020\/03\/11-1-588x1024.png\">\n    <\/div>\n   <div style=\"background-color:;height: 10px\" class=\"nicdark_section  \"><\/div>[\/vc_column][vc_column width=\u00bb1\/4&#8243; css=\u00bb.vc_custom_1492595624416{border-top-width: 0px !important;border-right-width: 0px !important;border-bottom-width: 0px !important;border-left-width: 0px !important;padding-top: 60px !important;padding-right: 60px !important;padding-bottom: 60px !important;padding-left: 60px !important;}\u00bb]\n    <div style=\"text-align:center\" class=\"nd_options_section\">\n      <img decoding=\"async\" alt=\"\" style=\"width:100px\" class=\" nd_options_margin_0 nd_options_padding_0 \" src=\"https:\/\/magahealthyraw.com\/wp-content\/uploads\/2020\/03\/2-1-588x1024.png\">\n    <\/div>\n   <div style=\"background-color:;height: 10px\" class=\"nicdark_section  \"><\/div>[\/vc_column][\/vc_row][vc_row][vc_column][vc_empty_space][vc_column_text css=\u00bb\u00bb]<\/p>\n<h1 style=\"text-align: center;\">Libre de L\u00e1cteos, Libre de Gluten, Libre de Soja, Cero Az\u00facar Refinada<br \/>\n100% Ingredientes Naturales, 100% Crudo y Vegano<\/h1>\n<p>[\/vc_column_text][vc_empty_space][\/vc_column][\/vc_row][vc_row][vc_column width=\u00bb1\/4&#8243; css=\u00bb.vc_custom_1492595600782{border-top-width: 0px !important;border-right-width: 0px !important;border-bottom-width: 0px !important;border-left-width: 0px !important;padding-top: 60px !important;padding-right: 60px !important;padding-bottom: 60px !important;padding-left: 60px !important;}\u00bb]\n    <div style=\"text-align:center\" class=\"nd_options_section\">\n      <img decoding=\"async\" alt=\"\" style=\"width:200px\" class=\" nd_options_margin_0 nd_options_padding_0 \" src=\"https:\/\/magahealthyraw.com\/wp-content\/uploads\/2020\/03\/icon-shop.png\">\n    <\/div>\n   <div style=\"background-color:;height: 10px\" class=\"nicdark_section  \"><\/div> <p style=\"color:;padding:px;text-align:center;font-size:15px;line-height:15px;letter-spacing: 2px;font-weight:normal\" class=\"   nd_options_second_font \">BUY ONLINE<\/p> [\/vc_column][vc_column width=\u00bb1\/4&#8243; css=\u00bb.vc_custom_1492595593581{border-top-width: 0px !important;border-right-width: 0px !important;border-bottom-width: 0px !important;border-left-width: 0px !important;padding-top: 60px !important;padding-right: 60px !important;padding-bottom: 60px !important;padding-left: 60px !important;}\u00bb]\n    <div style=\"text-align:center\" class=\"nd_options_section\">\n      <img decoding=\"async\" alt=\"\" style=\"width:200px\" class=\" nd_options_margin_0 nd_options_padding_0 \" src=\"https:\/\/magahealthyraw.com\/wp-content\/uploads\/2020\/03\/icon-envio.png\">\n    <\/div>\n   <div style=\"background-color:;height: 10px\" class=\"nicdark_section  \"><\/div> <p style=\"color:;padding:px;text-align:center;font-size:15px;line-height:15px;letter-spacing: 2px;font-weight:normal\" class=\"   nd_options_second_font \">WE DELIVER<\/p> [\/vc_column][vc_column width=\u00bb1\/4&#8243; css=\u00bb.vc_custom_1492595611356{border-top-width: 0px !important;border-right-width: 0px !important;border-bottom-width: 0px !important;border-left-width: 0px !important;padding-top: 60px !important;padding-right: 60px !important;padding-bottom: 60px !important;padding-left: 60px !important;}\u00bb]\n    <div style=\"text-align:center\" class=\"nd_options_section\">\n      <img decoding=\"async\" alt=\"\" style=\"width:200px\" class=\" nd_options_margin_0 nd_options_padding_0 \" src=\"https:\/\/magahealthyraw.com\/wp-content\/uploads\/2020\/03\/icon-secure.png\">\n    <\/div>\n   <div style=\"background-color:;height: 10px\" class=\"nicdark_section  \"><\/div> <p style=\"color:;padding:px;text-align:center;font-size:15px;line-height:15px;letter-spacing: 2px;font-weight:normal\" class=\"   nd_options_second_font \">SECURE PAYMENT<\/p> [\/vc_column][vc_column width=\u00bb1\/4&#8243; css=\u00bb.vc_custom_1492595624416{border-top-width: 0px !important;border-right-width: 0px !important;border-bottom-width: 0px !important;border-left-width: 0px !important;padding-top: 60px !important;padding-right: 60px !important;padding-bottom: 60px !important;padding-left: 60px !important;}\u00bb]\n    <div style=\"text-align:center\" class=\"nd_options_section\">\n      <img decoding=\"async\" alt=\"\" style=\"width:200px\" class=\" nd_options_margin_0 nd_options_padding_0 \" src=\"https:\/\/magahealthyraw.com\/wp-content\/uploads\/2020\/03\/icon-gift.png\">\n    <\/div>\n   <div style=\"background-color:;height: 10px\" class=\"nicdark_section  \"><\/div> <p style=\"color:;padding:px;text-align:center;font-size:15px;line-height:15px;letter-spacing: 2px;font-weight:normal\" class=\"   nd_options_second_font \">MAKE A GIFT<\/p> [\/vc_column][\/vc_row][vc_row][vc_column][vc_column_text][\/vc_column_text][\/vc_column][\/vc_row]<\/p>\n<\/div>","protected":false},"excerpt":{"rendered":"<div>Milcanhaz es un sabor \u00fanico de caramelo de leche combinado con crujiente pralin\u00e9 de avellana, perfectamente complementado en una fusi\u00f3n de textura y suavidad, \u00a1es una combinaci\u00f3n incre\u00edble!<\/div>\n<div><\/div>\n<div>White &amp; Mint es el sabor del verdadero After Eight, con un toque fresco, intenso y exquisito. En cada bocado sentir\u00e1s su suave textura mezclada con el mantecoso turr\u00f3n de tahini. Nuestros incre\u00edbles bocados satisfar\u00e1n tu deseo de comer chocolate sin culpa.<\/div>\n<p>Estos bombones son 100% veganos. No se necesita horno para preparar estos deliciosos bocados. Son totalmente crudos, llenos de sabor, ingredientes limpios y muchos nutrientes.<br \/>\nLa combinaci\u00f3n de estos sabores variados y el chocolate vegano es una deliciosa explosi\u00f3n de sensaciones gustativas. Estos bocaditos est\u00e1n elaborados con ingredientes 100% naturales y ecol\u00f3gicos, sin gluten, l\u00e1cteos, az\u00facar refinada, sal ni aceites.<\/p>\n","protected":false},"featured_media":11222,"comment_status":"open","ping_status":"closed","template":"","meta":{"_joinchat":[]},"product_brand":[],"product_cat":[68],"product_tag":[],"class_list":{"0":"post-11227","1":"product","2":"type-product","3":"status-publish","4":"has-post-thumbnail","6":"product_cat-bites-es","8":"first","9":"instock","10":"taxable","11":"shipping-taxable","12":"purchasable","13":"product-type-variable","14":"has-default-attributes"},"aioseo_notices":[],"_links":{"self":[{"href":"https:\/\/magahealthyraw.com\/es\/wp-json\/wp\/v2\/product\/11227","targetHints":{"allow":["GET"]}}],"collection":[{"href":"https:\/\/magahealthyraw.com\/es\/wp-json\/wp\/v2\/product"}],"about":[{"href":"https:\/\/magahealthyraw.com\/es\/wp-json\/wp\/v2\/types\/product"}],"replies":[{"embeddable":true,"href":"https:\/\/magahealthyraw.com\/es\/wp-json\/wp\/v2\/comments?post=11227"}],"wp:featuredmedia":[{"embeddable":true,"href":"https:\/\/magahealthyraw.com\/es\/wp-json\/wp\/v2\/media\/11222"}],"wp:attachment":[{"href":"https:\/\/magahealthyraw.com\/es\/wp-json\/wp\/v2\/media?parent=11227"}],"wp:term":[{"taxonomy":"product_brand","embeddable":true,"href":"https:\/\/magahealthyraw.com\/es\/wp-json\/wp\/v2\/product_brand?post=11227"},{"taxonomy":"product_cat","embeddable":true,"href":"https:\/\/magahealthyraw.com\/es\/wp-json\/wp\/v2\/product_cat?post=11227"},{"taxonomy":"product_tag","embeddable":true,"href":"https:\/\/magahealthyraw.com\/es\/wp-json\/wp\/v2\/product_tag?post=11227"}],"curies":[{"name":"wp","href":"https:\/\/api.w.org\/{rel}","templated":true}]}}