{"id":11235,"date":"2024-07-03T20:36:49","date_gmt":"2024-07-03T23:36:49","guid":{"rendered":"https:\/\/magahealthyraw.com\/product\/fantasy-8\/"},"modified":"2025-04-04T14:02:55","modified_gmt":"2025-04-04T17:02:55","slug":"fantasy-8","status":"publish","type":"product","link":"https:\/\/magahealthyraw.com\/es\/product\/fantasy-8\/","title":{"rendered":"Fantasy 8"},"content":{"rendered":"<div class=\"wpb-content-wrapper\"><p>[vc_row full_width=\u00bbstretch_row\u00bb css=\u00bb.vc_custom_1575479996460{padding-top: 80px !important;padding-bottom: 80px !important;}\u00bb][vc_column el_id=\u00bbsection_slides\u00bb][vc_row_inner equal_height=\u00bbyes\u00bb content_placement=\u00bbmiddle\u00bb css=\u00bb.vc_custom_1570521912272{padding-right: 15px !important;padding-left: 15px !important;}\u00bb el_class=\u00bbsquare_images\u00bb][vc_column_inner width=\u00bb1\/2&#8243; css=\u00bb.vc_custom_1501162935387{padding-top: 30px !important;padding-right: 20px !important;padding-bottom: 30px !important;padding-left: 20px !important;background-color: #ffffff !important;}\u00bb] <h6 style=\"color:#7e7e7e;padding:px;text-align:center;font-size:14px;line-height:14px;letter-spacing: 2px;font-weight:normal\" class=\"   nd_options_second_font \">GLUTEN FREE<\/h6> <div style=\"background-color:;height: 20px\" class=\"nicdark_section  \"><\/div> <h1 style=\"color:;padding:px;text-align:center;font-size:35px;line-height:px;letter-spacing: px;font-weight:normal\" class=\"   nd_options_first_font \">5 Favoritos<\/h1>  <p style=\"color:#878787;padding:20px;text-align:;font-size:17px;line-height:27px;letter-spacing: 1px;font-weight:normal\" class=\"  nd_options_padding_20_responsive_important nd_options_first_font \">Este fabuloso pack x 8, cuenta con Rose Choc, Mighty Tiger, Petit Matcha Suisse, Chai Fig y Red Boost. D\u00e9jate sorprender y prueba esta \u00fanica selecci\u00f3n de alimentos dulces, artesanales con ingredientes seleccionados por nuestra chef, quien crea desde su intuici\u00f3n, para luego plasmar estas delicias y llegar a ti.<\/p> [\/vc_column_inner][vc_column_inner width=\u00bb1\/2&#8243; css=\u00bb.vc_custom_1501067436841{padding-right: 0px !important;padding-left: 0px !important;}\u00bb]\n\n  <!--START team-->\n  <div class=\" nd_options_team_component_l5 nd_options_section nd_options_box_sizing_border_box team_compo \">    \n    <div class=\"nd_options_section nd_options_position_relative\">\n\n      <img decoding=\"async\" alt=\"\" class=\"nd_options_section\" src=\"https:\/\/magahealthyraw.com\/wp-content\/uploads\/2024\/04\/IMG_8268-min-1024x1024.jpg\">\n\n      <div class=\"nd_options_bg_greydark_alpha_gradient_3 nd_options_position_absolute nd_options_left_0 nd_options_height_100_percentage nd_options_width_100_percentage nd_options_box_sizing_border_box\">\n        <div class=\"nd_options_position_absolute nd_options_bottom_30 nd_options_width_100_percentage nd_options_padding_botttom_0 nd_options_padding_50 nd_options_box_sizing_border_box nd_options_text_align_center\">\n          <h3 class=\"nd_options_color_white\">RAW VEGAN<\/h3>\n          <div class=\"nd_options_section nd_options_height_10\"><\/div>\n          <h6 class=\"nd_options_color_white\"><strong>BITES<\/strong><\/h6>\n        <\/div>\n      <\/div>\n\n    <\/div>\n  <\/div>\n  <!--END team-->\n[\/vc_column_inner][\/vc_row_inner][vc_row_inner equal_height=\u00bbyes\u00bb content_placement=\u00bbmiddle\u00bb css=\u00bb.vc_custom_1570521967038{padding-right: 15px !important;padding-left: 15px !important;}\u00bb el_class=\u00bbsquare_images\u00bb][vc_column_inner width=\u00bb1\/2&#8243; css=\u00bb.vc_custom_1501076362840{padding-right: 0px !important;padding-left: 0px !important;}\u00bb]\n\n  <!--START team-->\n  <div class=\" nd_options_team_component_l5 nd_options_section nd_options_box_sizing_border_box team_compo \">    \n    <div class=\"nd_options_section nd_options_position_relative\">\n\n      <img decoding=\"async\" alt=\"\" class=\"nd_options_section\" src=\"https:\/\/magahealthyraw.com\/wp-content\/uploads\/2024\/04\/IMG_8194-min-1024x1024.jpg\">\n\n      <div class=\"nd_options_bg_greydark_alpha_gradient_3 nd_options_position_absolute nd_options_left_0 nd_options_height_100_percentage nd_options_width_100_percentage nd_options_box_sizing_border_box\">\n        <div class=\"nd_options_position_absolute nd_options_bottom_30 nd_options_width_100_percentage nd_options_padding_botttom_0 nd_options_padding_50 nd_options_box_sizing_border_box nd_options_text_align_center\">\n          <h3 class=\"nd_options_color_white\">100% INGREDIENTES NO PROCESADOS<\/h3>\n          <div class=\"nd_options_section nd_options_height_10\"><\/div>\n          <h6 class=\"nd_options_color_white\"><strong>DIETA BASADA EN PLANTAS Y GLUTEN FREE<\/strong><\/h6>\n        <\/div>\n      <\/div>\n\n    <\/div>\n  <\/div>\n  <!--END team-->\n[\/vc_column_inner][vc_column_inner width=\u00bb1\/2&#8243; css=\u00bb.vc_custom_1501162942419{padding-top: 30px !important;padding-right: 20px !important;padding-bottom: 30px !important;padding-left: 20px !important;background-color: #ffffff !important;}\u00bb] <h6 style=\"color:#7e7e7e;padding:px;text-align:center;font-size:14px;line-height:14px;letter-spacing: 2px;font-weight:normal\" class=\"   nd_options_second_font \">INGREDIENTES<\/h6> <div style=\"background-color:;height: 20px\" class=\"nicdark_section  \"><\/div> <h1 style=\"color:;padding:50pxpx;text-align:center;font-size:35px;line-height:px;letter-spacing: px;font-weight:normal\" class=\"   nd_options_first_font \">ORG\u00c1NICOS<\/h1>  <p style=\"color:#878787;padding:30px;text-align:;font-size:17px;line-height:27px;letter-spacing: 1px;font-weight:normal\" class=\"  nd_options_padding_20_responsive_important nd_options_first_font \">Por favor, compruebe la lista de ingredientes en el perfil de cada uno de los productos que integran esta selecci\u00f3n. Debido a que son 8 unidades, no tenemos espacio suficiente para que los visualice aqu\u00ed. \u00a1Gracias por su comprensi\u00f3n!<\/p> [\/vc_column_inner][\/vc_row_inner][vc_row_inner equal_height=\u00bbyes\u00bb content_placement=\u00bbmiddle\u00bb css=\u00bb.vc_custom_1570521912272{padding-right: 15px !important;padding-left: 15px !important;}\u00bb el_class=\u00bbsquare_images\u00bb][vc_column_inner width=\u00bb1\/2&#8243; css=\u00bb.vc_custom_1501162935387{padding-top: 30px !important;padding-right: 20px !important;padding-bottom: 30px !important;padding-left: 20px !important;background-color: #ffffff !important;}\u00bb]<div style=\"background-color:;height: 20px\" class=\"nicdark_section  \"><\/div> <h6 style=\"color:#7e7e7e;padding:px;text-align:center;font-size:14px;line-height:14px;letter-spacing: 2px;font-weight:normal\" class=\"   nd_options_second_font \">INFORMACI\u00d3N<\/h6> <div style=\"background-color:;height: 20px\" class=\"nicdark_section  \"><\/div> <h1 style=\"color:;padding:50pxpx;text-align:center;font-size:35px;line-height:px;letter-spacing: px;font-weight:normal\" class=\"   nd_options_first_font \">ATENCI\u00d3N<\/h1>  <p style=\"color:#878787;padding:10px;text-align:;font-size:17px;line-height:27px;letter-spacing: 1px;font-weight:normal\" class=\"  nd_options_padding_20_responsive_important nd_options_first_font \">INFORMACI\u00d3N SOBRE AL\u00c9RGENOS: Los productos se elaboran en una cocina en la que se manipulan los siguientes al\u00e9rgenos: frutos de c\u00e1scara, cacahuetes y s\u00e9samo. Debido a los m\u00e9todos de envasado de algunos ingredientes comprados a granel, tambi\u00e9n puede haber trazas de otros al\u00e9rgenos. Si tiene alguna alergia, h\u00e1ganoslo saber. Aunque se tiene mucho cuidado, los dulces pueden contener c\u00e1scaras, tallos o trozos de hueso de los ingredientes naturales.<\/p>  <p style=\"color:#878787;padding:10px;text-align:;font-size:17px;line-height:27px;letter-spacing: 1px;font-weight:normal\" class=\"  nd_options_padding_20_responsive_important nd_options_first_font \">CONSERVACI\u00d3N: Todos estos bocados dulces tienen una caducidad de 2 a 3 semanas, excepto ROSE CHOC, son solo 2 semanas y PETIT MATCHA SUISSE 1 semana. Se conservan todos en freezer por 3 meses, excepto CHAI FIG que no lleva freezer.<\/p>  <p style=\"color:#878787;padding:10px;text-align:;font-size:17px;line-height:27px;letter-spacing: 1px;font-weight:normal\" class=\"  nd_options_padding_20_responsive_important nd_options_first_font \">Si tiene preguntas sobre nuestros productos, no dude en contactarnos. \u00a1Estamos aqu\u00ed para ayudar!<\/p> [\/vc_column_inner][vc_column_inner width=\u00bb1\/2&#8243; css=\u00bb.vc_custom_1501067436841{padding-right: 0px !important;padding-left: 0px !important;}\u00bb]\n\n  <!--START team-->\n  <div class=\" nd_options_team_component_l5 nd_options_section nd_options_box_sizing_border_box team_compo \">    \n    <div class=\"nd_options_section nd_options_position_relative\">\n\n      <img decoding=\"async\" alt=\"\" class=\"nd_options_section\" src=\"https:\/\/magahealthyraw.com\/wp-content\/uploads\/2024\/04\/IMG_8026-min-1024x1024.jpg\">\n\n      <div class=\"nd_options_bg_greydark_alpha_gradient_3 nd_options_position_absolute nd_options_left_0 nd_options_height_100_percentage nd_options_width_100_percentage nd_options_box_sizing_border_box\">\n        <div class=\"nd_options_position_absolute nd_options_bottom_30 nd_options_width_100_percentage nd_options_padding_botttom_0 nd_options_padding_50 nd_options_box_sizing_border_box nd_options_text_align_center\">\n          <h3 class=\"nd_options_color_white\"><\/h3>\n          <div class=\"nd_options_section nd_options_height_10\"><\/div>\n          <h6 class=\"nd_options_color_white\"><strong>ALTERNATIVA DULCE<\/strong><\/h6>\n        <\/div>\n      <\/div>\n\n    <\/div>\n  <\/div>\n  <!--END team-->\n[\/vc_column_inner][\/vc_row_inner][\/vc_column][\/vc_row][vc_row full_width=\u00bbstretch_row\u00bb css=\u00bb.vc_custom_1583180701901{background-color: rgba(111,73,157,0.51) !important;*background-color: rgb(111,73,157) !important;}\u00bb][vc_column width=\u00bb1\/4&#8243; css=\u00bb.vc_custom_1492595600782{border-top-width: 0px !important;border-right-width: 0px !important;border-bottom-width: 0px !important;border-left-width: 0px !important;padding-top: 60px !important;padding-right: 60px !important;padding-bottom: 60px !important;padding-left: 60px !important;}\u00bb]\n    <div style=\"text-align:center\" class=\"nd_options_section\">\n      <img decoding=\"async\" alt=\"\" style=\"width:100px\" class=\" nd_options_margin_0 nd_options_padding_0 \" src=\"https:\/\/magahealthyraw.com\/wp-content\/uploads\/2020\/03\/8-588x1024.png\">\n    <\/div>\n   <div style=\"background-color:;height: 10px\" class=\"nicdark_section  \"><\/div>[\/vc_column][vc_column width=\u00bb1\/4&#8243; css=\u00bb.vc_custom_1492595593581{border-top-width: 0px !important;border-right-width: 0px !important;border-bottom-width: 0px !important;border-left-width: 0px !important;padding-top: 60px !important;padding-right: 60px !important;padding-bottom: 60px !important;padding-left: 60px !important;}\u00bb]\n    <div style=\"text-align:center\" class=\"nd_options_section\">\n      <img decoding=\"async\" alt=\"\" style=\"width:100px\" class=\" nd_options_margin_0 nd_options_padding_0 \" src=\"https:\/\/magahealthyraw.com\/wp-content\/uploads\/2020\/03\/10-588x1024.png\">\n    <\/div>\n   <div style=\"background-color:;height: 10px\" class=\"nicdark_section  \"><\/div>[\/vc_column][vc_column width=\u00bb1\/4&#8243; css=\u00bb.vc_custom_1492595611356{border-top-width: 0px !important;border-right-width: 0px !important;border-bottom-width: 0px !important;border-left-width: 0px !important;padding-top: 60px !important;padding-right: 60px !important;padding-bottom: 60px !important;padding-left: 60px !important;}\u00bb]\n    <div style=\"text-align:center\" class=\"nd_options_section\">\n      <img decoding=\"async\" alt=\"\" style=\"width:100px\" class=\" nd_options_margin_0 nd_options_padding_0 \" src=\"https:\/\/magahealthyraw.com\/wp-content\/uploads\/2020\/03\/11-1-588x1024.png\">\n    <\/div>\n   <div style=\"background-color:;height: 10px\" class=\"nicdark_section  \"><\/div>[\/vc_column][vc_column width=\u00bb1\/4&#8243; css=\u00bb.vc_custom_1492595624416{border-top-width: 0px !important;border-right-width: 0px !important;border-bottom-width: 0px !important;border-left-width: 0px !important;padding-top: 60px !important;padding-right: 60px !important;padding-bottom: 60px !important;padding-left: 60px !important;}\u00bb]\n    <div style=\"text-align:center\" class=\"nd_options_section\">\n      <img decoding=\"async\" alt=\"\" style=\"width:100px\" class=\" nd_options_margin_0 nd_options_padding_0 \" src=\"https:\/\/magahealthyraw.com\/wp-content\/uploads\/2020\/03\/2-1-588x1024.png\">\n    <\/div>\n   <div style=\"background-color:;height: 10px\" class=\"nicdark_section  \"><\/div>[\/vc_column][\/vc_row][vc_row][vc_column][vc_empty_space][vc_column_text css=\u00bb\u00bb]<\/p>\n<h1 style=\"text-align: center;\">Libre de L\u00e1cteos, Libre de Gluten, Libre de Soja, Cero Az\u00facar Refinada<\/h1>\n<h1 style=\"text-align: center;\">100% Ingredientes Naturales, 100% Crudo y Vegano<\/h1>\n<p>[\/vc_column_text][vc_empty_space][\/vc_column][\/vc_row][vc_row][vc_column width=\u00bb1\/4&#8243; css=\u00bb.vc_custom_1492595600782{border-top-width: 0px !important;border-right-width: 0px !important;border-bottom-width: 0px !important;border-left-width: 0px !important;padding-top: 60px !important;padding-right: 60px !important;padding-bottom: 60px !important;padding-left: 60px !important;}\u00bb]\n    <div style=\"text-align:center\" class=\"nd_options_section\">\n      <img decoding=\"async\" alt=\"\" style=\"width:200px\" class=\" nd_options_margin_0 nd_options_padding_0 \" src=\"https:\/\/magahealthyraw.com\/wp-content\/uploads\/2020\/03\/icon-shop.png\">\n    <\/div>\n   <div style=\"background-color:;height: 10px\" class=\"nicdark_section  \"><\/div> <p style=\"color:;padding:px;text-align:center;font-size:15px;line-height:15px;letter-spacing: 2px;font-weight:normal\" class=\"   nd_options_second_font \">BUY ONLINE<\/p> [\/vc_column][vc_column width=\u00bb1\/4&#8243; css=\u00bb.vc_custom_1492595593581{border-top-width: 0px !important;border-right-width: 0px !important;border-bottom-width: 0px !important;border-left-width: 0px !important;padding-top: 60px !important;padding-right: 60px !important;padding-bottom: 60px !important;padding-left: 60px !important;}\u00bb]\n    <div style=\"text-align:center\" class=\"nd_options_section\">\n      <img decoding=\"async\" alt=\"\" style=\"width:200px\" class=\" nd_options_margin_0 nd_options_padding_0 \" src=\"https:\/\/magahealthyraw.com\/wp-content\/uploads\/2020\/03\/icon-envio.png\">\n    <\/div>\n   <div style=\"background-color:;height: 10px\" class=\"nicdark_section  \"><\/div> <p style=\"color:;padding:px;text-align:center;font-size:15px;line-height:15px;letter-spacing: 2px;font-weight:normal\" class=\"   nd_options_second_font \">WE DELIVER<\/p> [\/vc_column][vc_column width=\u00bb1\/4&#8243; css=\u00bb.vc_custom_1492595611356{border-top-width: 0px !important;border-right-width: 0px !important;border-bottom-width: 0px !important;border-left-width: 0px !important;padding-top: 60px !important;padding-right: 60px !important;padding-bottom: 60px !important;padding-left: 60px !important;}\u00bb]\n    <div style=\"text-align:center\" class=\"nd_options_section\">\n      <img decoding=\"async\" alt=\"\" style=\"width:200px\" class=\" nd_options_margin_0 nd_options_padding_0 \" src=\"https:\/\/magahealthyraw.com\/wp-content\/uploads\/2020\/03\/icon-secure.png\">\n    <\/div>\n   <div style=\"background-color:;height: 10px\" class=\"nicdark_section  \"><\/div> <p style=\"color:;padding:px;text-align:center;font-size:15px;line-height:15px;letter-spacing: 2px;font-weight:normal\" class=\"   nd_options_second_font \">SECURE PAYMENT<\/p> [\/vc_column][vc_column width=\u00bb1\/4&#8243; css=\u00bb.vc_custom_1492595624416{border-top-width: 0px !important;border-right-width: 0px !important;border-bottom-width: 0px !important;border-left-width: 0px !important;padding-top: 60px !important;padding-right: 60px !important;padding-bottom: 60px !important;padding-left: 60px !important;}\u00bb]\n    <div style=\"text-align:center\" class=\"nd_options_section\">\n      <img decoding=\"async\" alt=\"\" style=\"width:200px\" class=\" nd_options_margin_0 nd_options_padding_0 \" src=\"https:\/\/magahealthyraw.com\/wp-content\/uploads\/2020\/03\/icon-gift.png\">\n    <\/div>\n   <div style=\"background-color:;height: 10px\" class=\"nicdark_section  \"><\/div> <p style=\"color:;padding:px;text-align:center;font-size:15px;line-height:15px;letter-spacing: 2px;font-weight:normal\" class=\"   nd_options_second_font \">MAKE A GIFT<\/p> [\/vc_column][\/vc_row][vc_row][vc_column][vc_column_text][\/vc_column_text][\/vc_column][\/vc_row]<\/p>\n<\/div>","protected":false},"excerpt":{"rendered":"<p>2 MIGHTY TIGER + 2 PETIT MATCHA SUISSE + 2 CHAI FIG + 1 ROSE CHOC + 1 RED BOOST<\/p>\n<p>Aqu\u00ed te presentamos este empaque con cinco de nuestros nutritivos y exquisitos dulces sin culpas!<br \/>\nSatisface los antojos y despierta tus sentidos con bocados de distintos sabores, cada uno con su secreta mezcla que lo destaca.<\/p>\n<p>Yendo m\u00e1s all\u00e1, me inunda la emoci\u00f3n de crear estos alimentos, comer limpio, volver a reconocer los sabores reales, libres de ingredientes artificiales, y as\u00ed con peque\u00f1os pasos, vamos cambiando nuestra visi\u00f3n, vamos creando consciencia, de volver a alimentarnos con ingredientes ricos en nutrientes, todo lo que necesita el cuerpo f\u00edsico para estar saludable.<\/p>\n","protected":false},"featured_media":11084,"comment_status":"open","ping_status":"closed","template":"","meta":{"_joinchat":[]},"product_brand":[],"product_cat":[68],"product_tag":[],"class_list":{"0":"post-11235","1":"product","2":"type-product","3":"status-publish","4":"has-post-thumbnail","6":"product_cat-bites-es","8":"first","9":"instock","10":"taxable","11":"shipping-taxable","12":"purchasable","13":"product-type-simple"},"aioseo_notices":[],"_links":{"self":[{"href":"https:\/\/magahealthyraw.com\/es\/wp-json\/wp\/v2\/product\/11235","targetHints":{"allow":["GET"]}}],"collection":[{"href":"https:\/\/magahealthyraw.com\/es\/wp-json\/wp\/v2\/product"}],"about":[{"href":"https:\/\/magahealthyraw.com\/es\/wp-json\/wp\/v2\/types\/product"}],"replies":[{"embeddable":true,"href":"https:\/\/magahealthyraw.com\/es\/wp-json\/wp\/v2\/comments?post=11235"}],"wp:featuredmedia":[{"embeddable":true,"href":"https:\/\/magahealthyraw.com\/es\/wp-json\/wp\/v2\/media\/11084"}],"wp:attachment":[{"href":"https:\/\/magahealthyraw.com\/es\/wp-json\/wp\/v2\/media?parent=11235"}],"wp:term":[{"taxonomy":"product_brand","embeddable":true,"href":"https:\/\/magahealthyraw.com\/es\/wp-json\/wp\/v2\/product_brand?post=11235"},{"taxonomy":"product_cat","embeddable":true,"href":"https:\/\/magahealthyraw.com\/es\/wp-json\/wp\/v2\/product_cat?post=11235"},{"taxonomy":"product_tag","embeddable":true,"href":"https:\/\/magahealthyraw.com\/es\/wp-json\/wp\/v2\/product_tag?post=11235"}],"curies":[{"name":"wp","href":"https:\/\/api.w.org\/{rel}","templated":true}]}}