{"id":8431,"date":"2020-03-20T11:19:15","date_gmt":"2020-03-20T10:19:15","guid":{"rendered":"https:\/\/magahealthyraw.com\/es\/producto\/white-choco-bite\/"},"modified":"2025-04-04T14:11:13","modified_gmt":"2025-04-04T17:11:13","slug":"white-choco-bite","status":"publish","type":"product","link":"https:\/\/magahealthyraw.com\/es\/product\/white-choco-bite\/","title":{"rendered":"Chocorange"},"content":{"rendered":"<div class=\"wpb-content-wrapper\"><p>[vc_row full_width=\u00bbstretch_row\u00bb css=\u00bb.vc_custom_1575479996460{padding-top: 80px !important;padding-bottom: 80px !important;}\u00bb][vc_column el_id=\u00bbsection_slides\u00bb][vc_row_inner equal_height=\u00bbyes\u00bb content_placement=\u00bbmiddle\u00bb css=\u00bb.vc_custom_1570521912272{padding-right: 15px !important;padding-left: 15px !important;}\u00bb el_class=\u00bbsquare_images\u00bb][vc_column_inner width=\u00bb1\/2&#8243; css=\u00bb.vc_custom_1501162935387{padding-top: 30px !important;padding-right: 20px !important;padding-bottom: 30px !important;padding-left: 20px !important;background-color: #ffffff !important;}\u00bb] <h6 style=\"color:#7e7e7e;padding:px;text-align:center;font-size:14px;line-height:14px;letter-spacing: 2px;font-weight:normal\" class=\"   nd_options_second_font \">GLUTEN FREE<\/h6> <div style=\"background-color:;height: 20px\" class=\"nicdark_section  \"><\/div> <h1 style=\"color:;padding:px;text-align:center;font-size:35px;line-height:px;letter-spacing: px;font-weight:normal\" class=\"   nd_options_first_font \">CHOCORANGE BITE<\/h1>  <p style=\"color:#878787;padding:30px;text-align:;font-size:17px;line-height:27px;letter-spacing: 1px;font-weight:normal\" class=\"  nd_options_padding_20_responsive_important nd_options_first_font \">Chocorange es el sabor del verdadero chocolate, con un toque c\u00edtrico, dado por la naranja y, al mismo tiempo, intenso y exquisito. Es una combinaci\u00f3n incre\u00edble. Su cremosidad y suavidad hacen que este bocado sea irresistible. Elaborado con ingredientes 100% naturales, este exquisito bocado satisfar\u00e1 su deseo de comer chocolate sin culpa, gracias al aporte nutritivo de nuestros ingredientes.<\/p> [\/vc_column_inner][vc_column_inner width=\u00bb1\/2&#8243; css=\u00bb.vc_custom_1501067436841{padding-right: 0px !important;padding-left: 0px !important;}\u00bb]\n\n  <!--START team-->\n  <div class=\" nd_options_team_component_l5 nd_options_section nd_options_box_sizing_border_box team_compo \">    \n    <div class=\"nd_options_section nd_options_position_relative\">\n\n      <img decoding=\"async\" alt=\"\" class=\"nd_options_section\" src=\"https:\/\/magahealthyraw.com\/wp-content\/uploads\/2020\/03\/IMG_8691-min-1024x768.jpg\">\n\n      <div class=\"nd_options_bg_greydark_alpha_gradient_3 nd_options_position_absolute nd_options_left_0 nd_options_height_100_percentage nd_options_width_100_percentage nd_options_box_sizing_border_box\">\n        <div class=\"nd_options_position_absolute nd_options_bottom_30 nd_options_width_100_percentage nd_options_padding_botttom_0 nd_options_padding_50 nd_options_box_sizing_border_box nd_options_text_align_center\">\n          <h3 class=\"nd_options_color_white\">BITES CRUDIVEGANOS<\/h3>\n          <div class=\"nd_options_section nd_options_height_10\"><\/div>\n          <h6 class=\"nd_options_color_white\"><strong>TURRON DE AVENA<\/strong><\/h6>\n        <\/div>\n      <\/div>\n\n    <\/div>\n  <\/div>\n  <!--END team-->\n[\/vc_column_inner][\/vc_row_inner][vc_row_inner equal_height=\u00bbyes\u00bb content_placement=\u00bbmiddle\u00bb css=\u00bb.vc_custom_1570521967038{padding-right: 15px !important;padding-left: 15px !important;}\u00bb el_class=\u00bbsquare_images\u00bb][vc_column_inner width=\u00bb1\/2&#8243; css=\u00bb.vc_custom_1501076362840{padding-right: 0px !important;padding-left: 0px !important;}\u00bb]\n\n  <!--START team-->\n  <div class=\" nd_options_team_component_l5 nd_options_section nd_options_box_sizing_border_box team_compo \">    \n    <div class=\"nd_options_section nd_options_position_relative\">\n\n      <img decoding=\"async\" alt=\"\" class=\"nd_options_section\" src=\"https:\/\/magahealthyraw.com\/wp-content\/uploads\/2020\/03\/IMG_5452-1024x1024.jpeg\">\n\n      <div class=\"nd_options_bg_greydark_alpha_gradient_3 nd_options_position_absolute nd_options_left_0 nd_options_height_100_percentage nd_options_width_100_percentage nd_options_box_sizing_border_box\">\n        <div class=\"nd_options_position_absolute nd_options_bottom_30 nd_options_width_100_percentage nd_options_padding_botttom_0 nd_options_padding_50 nd_options_box_sizing_border_box nd_options_text_align_center\">\n          <h3 class=\"nd_options_color_white\">100% INGREDIENTES NO PROCESADOS<\/h3>\n          <div class=\"nd_options_section nd_options_height_10\"><\/div>\n          <h6 class=\"nd_options_color_white\"><strong>DIETA BASADA EN PLANTAS<\/strong><\/h6>\n        <\/div>\n      <\/div>\n\n    <\/div>\n  <\/div>\n  <!--END team-->\n[\/vc_column_inner][vc_column_inner width=\u00bb1\/2&#8243; css=\u00bb.vc_custom_1501162942419{padding-top: 30px !important;padding-right: 20px !important;padding-bottom: 30px !important;padding-left: 20px !important;background-color: #ffffff !important;}\u00bb] <h6 style=\"color:#7e7e7e;padding:px;text-align:center;font-size:14px;line-height:14px;letter-spacing: 2px;font-weight:normal\" class=\"   nd_options_second_font \">INGREDIENTES<\/h6> <div style=\"background-color:;height: 20px\" class=\"nicdark_section  \"><\/div> <h1 style=\"color:;padding:50pxpx;text-align:center;font-size:35px;line-height:px;letter-spacing: px;font-weight:normal\" class=\"   nd_options_first_font \">ORG\u00c1NICOS<\/h1>  <p style=\"color:#878787;padding:30px;text-align:;font-size:17px;line-height:27px;letter-spacing: 1px;font-weight:normal\" class=\"  nd_options_padding_20_responsive_important nd_options_first_font \">Nata de coco, leche de coco, az\u00facar de coco, pasta de cacao crudo, mantequilla de cacao crudo, harina de avena, mantequilla de sesamo, sirope de arce, cacao en polvo, algarroba en polvo, trocitos de cacao, aceite de coco virgen y sin refinar, cardamomo en polvo, extracto de vainilla sin alcohol, aceite esencial de naranja de calidad alimentaria, sal marina.<\/p> <div style=\"background-color:;height: 60px\" class=\"nicdark_section  \"><\/div> <h1 style=\"color:#000000;padding:50pxpx;text-align:center;font-size:35px;line-height:px;letter-spacing: px;font-weight:normal\" class=\"   nd_options_first_font \">ES COMIDA, NO GOLOSINA<\/h1> [\/vc_column_inner][\/vc_row_inner][vc_row_inner equal_height=\u00bbyes\u00bb content_placement=\u00bbmiddle\u00bb css=\u00bb.vc_custom_1570521912272{padding-right: 15px !important;padding-left: 15px !important;}\u00bb el_class=\u00bbsquare_images\u00bb][vc_column_inner width=\u00bb1\/2&#8243; css=\u00bb.vc_custom_1501162935387{padding-top: 30px !important;padding-right: 20px !important;padding-bottom: 30px !important;padding-left: 20px !important;background-color: #ffffff !important;}\u00bb] <h6 style=\"color:#7e7e7e;padding:px;text-align:center;font-size:14px;line-height:14px;letter-spacing: 2px;font-weight:normal\" class=\"   nd_options_second_font \">ATENCI\u00d3N<\/h6> <div style=\"background-color:;height: 20px\" class=\"nicdark_section  \"><\/div> <h1 style=\"color:;padding:50pxpx;text-align:center;font-size:35px;line-height:px;letter-spacing: px;font-weight:normal\" class=\"   nd_options_first_font \">INFORMACI\u00d3N<\/h1>  <p style=\"color:#878787;padding:30px;text-align:;font-size:17px;line-height:27px;letter-spacing: 1px;font-weight:normal\" class=\"  nd_options_padding_20_responsive_important nd_options_first_font \">Ofrecemos el contenedor de 15 unidades de estos deliciosos bites, en los cuales encontrar\u00e1s 4 sabores, caramel &amp; peanut, chocolate y naranja, dulce de leche y pralin\u00e9 de avellana, chocolate blanco y menta. Al hacer el pedido, seleccione en tama\u00f1o la opci\u00f3n que desee. El pack de 15 unidades esta disponible en el menu de los sabores indicados mas arriba. Contacta con nosotros y te ayudaremos. Una vez que los pruebes, \u00a1no podr\u00e1s parar!<\/p>  <p style=\"color:#878787;padding:30px;text-align:;font-size:17px;line-height:27px;letter-spacing: 1px;font-weight:normal\" class=\"  nd_options_padding_20_responsive_important nd_options_first_font \">Conservaci\u00f3n: Cons\u00e9rvese fresco en el frigor\u00edfico de 2 a 3 meses o en el congelador hasta varios meses. Tenga en cuenta que, si lo guarda en el congelador, el chocolate se condensar\u00e1 al descongelarse.<\/p>  <p style=\"color:#878787;padding:30px;text-align:;font-size:17px;line-height:27px;letter-spacing: 1px;font-weight:normal\" class=\"  nd_options_padding_20_responsive_important nd_options_first_font \">Si tienes preguntas acerca de nuestros productos, si\u00e9ntete libre de comunicarte con nosotros. Estamos para ayudarte!<\/p> [\/vc_column_inner][vc_column_inner width=\u00bb1\/2&#8243; css=\u00bb.vc_custom_1501067436841{padding-right: 0px !important;padding-left: 0px !important;}\u00bb]\n\n  <!--START team-->\n  <div class=\" nd_options_team_component_l5 nd_options_section nd_options_box_sizing_border_box team_compo \">    \n    <div class=\"nd_options_section nd_options_position_relative\">\n\n      <img decoding=\"async\" alt=\"\" class=\"nd_options_section\" src=\"https:\/\/magahealthyraw.com\/wp-content\/uploads\/2020\/03\/IMG_5459-1024x1024.jpeg\">\n\n      <div class=\"nd_options_bg_greydark_alpha_gradient_3 nd_options_position_absolute nd_options_left_0 nd_options_height_100_percentage nd_options_width_100_percentage nd_options_box_sizing_border_box\">\n        <div class=\"nd_options_position_absolute nd_options_bottom_30 nd_options_width_100_percentage nd_options_padding_botttom_0 nd_options_padding_50 nd_options_box_sizing_border_box nd_options_text_align_center\">\n          <h3 class=\"nd_options_color_white\">CHOCOLATE &amp; NARANJA<\/h3>\n          <div class=\"nd_options_section nd_options_height_10\"><\/div>\n          <h6 class=\"nd_options_color_white\"><strong>LIBRE DE LACTEOS Y AZUCAR<\/strong><\/h6>\n        <\/div>\n      <\/div>\n\n    <\/div>\n  <\/div>\n  <!--END team-->\n[\/vc_column_inner][\/vc_row_inner][\/vc_column][\/vc_row][vc_row full_width=\u00bbstretch_row\u00bb css=\u00bb.vc_custom_1583180701901{background-color: rgba(111,73,157,0.51) !important;*background-color: rgb(111,73,157) !important;}\u00bb][vc_column width=\u00bb1\/4&#8243; css=\u00bb.vc_custom_1492595600782{border-top-width: 0px !important;border-right-width: 0px !important;border-bottom-width: 0px !important;border-left-width: 0px !important;padding-top: 60px !important;padding-right: 60px !important;padding-bottom: 60px !important;padding-left: 60px !important;}\u00bb]\n    <div style=\"text-align:center\" class=\"nd_options_section\">\n      <img decoding=\"async\" alt=\"\" style=\"width:100px\" class=\" nd_options_margin_0 nd_options_padding_0 \" src=\"https:\/\/magahealthyraw.com\/wp-content\/uploads\/2020\/03\/8-588x1024.png\">\n    <\/div>\n   <div style=\"background-color:;height: 10px\" class=\"nicdark_section  \"><\/div>[\/vc_column][vc_column width=\u00bb1\/4&#8243; css=\u00bb.vc_custom_1492595593581{border-top-width: 0px !important;border-right-width: 0px !important;border-bottom-width: 0px !important;border-left-width: 0px !important;padding-top: 60px !important;padding-right: 60px !important;padding-bottom: 60px !important;padding-left: 60px !important;}\u00bb]\n    <div style=\"text-align:center\" class=\"nd_options_section\">\n      <img decoding=\"async\" alt=\"\" style=\"width:100px\" class=\" nd_options_margin_0 nd_options_padding_0 \" src=\"https:\/\/magahealthyraw.com\/wp-content\/uploads\/2020\/03\/10-588x1024.png\">\n    <\/div>\n   <div style=\"background-color:;height: 10px\" class=\"nicdark_section  \"><\/div>[\/vc_column][vc_column width=\u00bb1\/4&#8243; css=\u00bb.vc_custom_1492595611356{border-top-width: 0px !important;border-right-width: 0px !important;border-bottom-width: 0px !important;border-left-width: 0px !important;padding-top: 60px !important;padding-right: 60px !important;padding-bottom: 60px !important;padding-left: 60px !important;}\u00bb]\n    <div style=\"text-align:center\" class=\"nd_options_section\">\n      <img decoding=\"async\" alt=\"\" style=\"width:100px\" class=\" nd_options_margin_0 nd_options_padding_0 \" src=\"https:\/\/magahealthyraw.com\/wp-content\/uploads\/2020\/03\/11-1-588x1024.png\">\n    <\/div>\n   <div style=\"background-color:;height: 10px\" class=\"nicdark_section  \"><\/div>[\/vc_column][vc_column width=\u00bb1\/4&#8243; css=\u00bb.vc_custom_1492595624416{border-top-width: 0px !important;border-right-width: 0px !important;border-bottom-width: 0px !important;border-left-width: 0px !important;padding-top: 60px !important;padding-right: 60px !important;padding-bottom: 60px !important;padding-left: 60px !important;}\u00bb]\n    <div style=\"text-align:center\" class=\"nd_options_section\">\n      <img decoding=\"async\" alt=\"\" style=\"width:100px\" class=\" nd_options_margin_0 nd_options_padding_0 \" src=\"https:\/\/magahealthyraw.com\/wp-content\/uploads\/2020\/03\/2-1-588x1024.png\">\n    <\/div>\n   <div style=\"background-color:;height: 10px\" class=\"nicdark_section  \"><\/div>[\/vc_column][\/vc_row][vc_row][vc_column][vc_empty_space][vc_column_text]<\/p>\n<h1 style=\"text-align: center;\">Libre de L\u00e1cteos, Libre de Gluten, Libre de Soja, Cero Az\u00facar Refinada<\/h1>\n<h1 style=\"text-align: center;\">100% Ingredientes Naturales, 100% Crudo y Vegano<\/h1>\n<p>[\/vc_column_text][vc_empty_space][\/vc_column][\/vc_row][vc_row][vc_column width=\u00bb1\/4&#8243; css=\u00bb.vc_custom_1492595600782{border-top-width: 0px !important;border-right-width: 0px !important;border-bottom-width: 0px !important;border-left-width: 0px !important;padding-top: 60px !important;padding-right: 60px !important;padding-bottom: 60px !important;padding-left: 60px !important;}\u00bb]\n    <div style=\"text-align:center\" class=\"nd_options_section\">\n      <img decoding=\"async\" alt=\"\" style=\"width:200px\" class=\" nd_options_margin_0 nd_options_padding_0 \" src=\"https:\/\/magahealthyraw.com\/wp-content\/uploads\/2020\/03\/icon-shop.png\">\n    <\/div>\n   <div style=\"background-color:;height: 10px\" class=\"nicdark_section  \"><\/div> <p style=\"color:;padding:px;text-align:center;font-size:15px;line-height:15px;letter-spacing: 2px;font-weight:normal\" class=\"   nd_options_second_font \">BUY ONLINE<\/p> [\/vc_column][vc_column width=\u00bb1\/4&#8243; css=\u00bb.vc_custom_1492595593581{border-top-width: 0px !important;border-right-width: 0px !important;border-bottom-width: 0px !important;border-left-width: 0px !important;padding-top: 60px !important;padding-right: 60px !important;padding-bottom: 60px !important;padding-left: 60px !important;}\u00bb]\n    <div style=\"text-align:center\" class=\"nd_options_section\">\n      <img decoding=\"async\" alt=\"\" style=\"width:200px\" class=\" nd_options_margin_0 nd_options_padding_0 \" src=\"https:\/\/magahealthyraw.com\/wp-content\/uploads\/2020\/03\/icon-envio.png\">\n    <\/div>\n   <div style=\"background-color:;height: 10px\" class=\"nicdark_section  \"><\/div> <p style=\"color:;padding:px;text-align:center;font-size:15px;line-height:15px;letter-spacing: 2px;font-weight:normal\" class=\"   nd_options_second_font \">DELIVERY<\/p> [\/vc_column][vc_column width=\u00bb1\/4&#8243; css=\u00bb.vc_custom_1492595611356{border-top-width: 0px !important;border-right-width: 0px !important;border-bottom-width: 0px !important;border-left-width: 0px !important;padding-top: 60px !important;padding-right: 60px !important;padding-bottom: 60px !important;padding-left: 60px !important;}\u00bb]\n    <div style=\"text-align:center\" class=\"nd_options_section\">\n      <img decoding=\"async\" alt=\"\" style=\"width:200px\" class=\" nd_options_margin_0 nd_options_padding_0 \" src=\"https:\/\/magahealthyraw.com\/wp-content\/uploads\/2020\/03\/icon-secure.png\">\n    <\/div>\n   <div style=\"background-color:;height: 10px\" class=\"nicdark_section  \"><\/div> <p style=\"color:;padding:px;text-align:center;font-size:15px;line-height:15px;letter-spacing: 2px;font-weight:normal\" class=\"   nd_options_second_font \">SECURE PAYMENT<\/p> [\/vc_column][vc_column width=\u00bb1\/4&#8243; css=\u00bb.vc_custom_1492595624416{border-top-width: 0px !important;border-right-width: 0px !important;border-bottom-width: 0px !important;border-left-width: 0px !important;padding-top: 60px !important;padding-right: 60px !important;padding-bottom: 60px !important;padding-left: 60px !important;}\u00bb]\n    <div style=\"text-align:center\" class=\"nd_options_section\">\n      <img decoding=\"async\" alt=\"\" style=\"width:200px\" class=\" nd_options_margin_0 nd_options_padding_0 \" src=\"https:\/\/magahealthyraw.com\/wp-content\/uploads\/2020\/03\/icon-gift.png\">\n    <\/div>\n   <div style=\"background-color:;height: 10px\" class=\"nicdark_section  \"><\/div> <p style=\"color:;padding:px;text-align:center;font-size:15px;line-height:15px;letter-spacing: 2px;font-weight:normal\" class=\"   nd_options_second_font \">MAKE A GIFT<\/p> [\/vc_column][\/vc_row][vc_row][vc_column][vc_column_text][\/vc_column_text][\/vc_column][\/vc_row]<\/p>\n<\/div>","protected":false},"excerpt":{"rendered":"<p class=\"p1\">Estos bocados deliciosamente dulces y saludables le permiten disfrutar del maravilloso sabor y textura de la naranja y el chocolate en una suave crema, acompa\u00f1ados de turr\u00f3n de avena.<\/p>\n<p class=\"p1\"><span class=\"s1\">Nuestros Choco Bites son un deleite y perfectos para hacer un regalo, compartirlos en una reuni\u00f3n con amigos, para volverlos locos, o guardarlos para esos momentos especiales que quieres sentir el chocolate en tu boca sin un gramo de culpa.<\/span><\/p>\n","protected":false},"featured_media":9607,"comment_status":"open","ping_status":"closed","template":"","meta":{"_joinchat":[]},"product_brand":[],"product_cat":[68],"product_tag":[],"class_list":{"0":"post-8431","1":"product","2":"type-product","3":"status-publish","4":"has-post-thumbnail","6":"product_cat-bites-es","8":"first","9":"outofstock","10":"taxable","11":"shipping-taxable","12":"purchasable","13":"product-type-variable"},"aioseo_notices":[],"_links":{"self":[{"href":"https:\/\/magahealthyraw.com\/es\/wp-json\/wp\/v2\/product\/8431","targetHints":{"allow":["GET"]}}],"collection":[{"href":"https:\/\/magahealthyraw.com\/es\/wp-json\/wp\/v2\/product"}],"about":[{"href":"https:\/\/magahealthyraw.com\/es\/wp-json\/wp\/v2\/types\/product"}],"replies":[{"embeddable":true,"href":"https:\/\/magahealthyraw.com\/es\/wp-json\/wp\/v2\/comments?post=8431"}],"wp:featuredmedia":[{"embeddable":true,"href":"https:\/\/magahealthyraw.com\/es\/wp-json\/wp\/v2\/media\/9607"}],"wp:attachment":[{"href":"https:\/\/magahealthyraw.com\/es\/wp-json\/wp\/v2\/media?parent=8431"}],"wp:term":[{"taxonomy":"product_brand","embeddable":true,"href":"https:\/\/magahealthyraw.com\/es\/wp-json\/wp\/v2\/product_brand?post=8431"},{"taxonomy":"product_cat","embeddable":true,"href":"https:\/\/magahealthyraw.com\/es\/wp-json\/wp\/v2\/product_cat?post=8431"},{"taxonomy":"product_tag","embeddable":true,"href":"https:\/\/magahealthyraw.com\/es\/wp-json\/wp\/v2\/product_tag?post=8431"}],"curies":[{"name":"wp","href":"https:\/\/api.w.org\/{rel}","templated":true}]}}